{"id":309,"date":"2020-01-27T08:05:29","date_gmt":"2020-01-27T08:05:29","guid":{"rendered":"https:\/\/demosites.io\/web-agency-gb\/?page_id=69"},"modified":"2025-12-10T15:10:34","modified_gmt":"2025-12-10T15:10:34","slug":"15c42-web-agency-gb-portfolio","status":"publish","type":"page","link":"https:\/\/blueclimateag.ch\/fr\/15c42-web-agency-gb-portfolio\/","title":{"rendered":"Construction de routes"},"content":{"rendered":"<div id=\"wp-block-themeisle-blocks-advanced-columns-678cc482\" class=\"wp-block-themeisle-blocks-advanced-columns alignfull has-1-columns has-desktop-equal-layout has-tablet-equal-layout has-mobile-collapsedRows-layout has-reverse-columns-mobile has-vertical-bottom ticss-c00aadba\"><div class=\"wp-block-themeisle-blocks-advanced-columns-overlay\"><\/div><div class=\"innerblocks-wrap\">\n<div id=\"wp-block-themeisle-blocks-advanced-column-4d412c51\" class=\"wp-block-themeisle-blocks-advanced-column\">\n<h2 id=\"wp-block-themeisle-blocks-advanced-heading-fb3c7a39\" class=\"wp-block-themeisle-blocks-advanced-heading wp-block-themeisle-blocks-advanced-heading-fb3c7a39\">Construction de routes<\/h2>\n\n\n\n<p class=\"has-text-align-center has-text-color\" style=\"color:#fefefe\">________<\/p>\n\n\n\n<div class=\"wp-block-buttons is-content-justification-center is-layout-flex wp-container-core-buttons-is-layout-16018d1d wp-block-buttons-is-layout-flex\">\n<div class=\"wp-block-button is-style-primary\"><a class=\"wp-block-button__link wp-element-button\" href=\"https:\/\/blueclimateag.ch\/fr\/underbold\/\">UNDERBOLD<\/a><\/div>\n<\/div>\n<\/div>\n<\/div><\/div>\n\n\n\n<div style=\"height:100px\" aria-hidden=\"true\" class=\"wp-block-spacer\"><\/div>\n\n\n\n<div class=\"wp-block-columns is-layout-flex wp-container-core-columns-is-layout-9d6595d7 wp-block-columns-is-layout-flex\">\n<div class=\"wp-block-column is-layout-flow wp-block-column-is-layout-flow\">\n<div class=\"wp-block-columns is-layout-flex wp-container-core-columns-is-layout-9d6595d7 wp-block-columns-is-layout-flex\">\n<div class=\"wp-block-column is-layout-flow wp-block-column-is-layout-flow\" style=\"flex-basis:33.33%\">\n<div id=\"wp-block-themeisle-blocks-font-awesome-icons-a2c17658\" class=\"wp-block-themeisle-blocks-font-awesome-icons\"><span class=\"wp-block-themeisle-blocks-font-awesome-icons-container nan-padding\"><i class=\"fas fa-globe-americas\"><\/i><\/span><\/div>\n<\/div>\n\n\n\n<div class=\"wp-block-column is-layout-flow wp-block-column-is-layout-flow\" style=\"flex-basis:66.66%\">\n<h6 class=\"wp-block-heading\">Proc\u00e9d\u00e9 de construction \u00e0 faible \u00e9mission de CO\u2082<\/h6>\n\n\n\n<p>Nous misons sur des mat\u00e9riaux et des proc\u00e9d\u00e9s innovants et respectueux de l'environnement, qui r\u00e9duisent de mani\u00e8re significative les \u00e9missions de CO\u2082.<\/p>\n<\/div>\n<\/div>\n<\/div>\n\n\n\n<div class=\"wp-block-column is-layout-flow wp-block-column-is-layout-flow\">\n<div class=\"wp-block-columns is-layout-flex wp-container-core-columns-is-layout-9d6595d7 wp-block-columns-is-layout-flex\">\n<div class=\"wp-block-column is-layout-flow wp-block-column-is-layout-flow\" style=\"flex-basis:33.33%\">\n<div id=\"wp-block-themeisle-blocks-font-awesome-icons-ad559bae\" class=\"wp-block-themeisle-blocks-font-awesome-icons\"><span class=\"wp-block-themeisle-blocks-font-awesome-icons-container\"><i class=\"fas fa-recycle\"><\/i><\/span><\/div>\n<\/div>\n\n\n\n<div class=\"wp-block-column is-layout-flow wp-block-column-is-layout-flow\" style=\"flex-basis:66.66%\">\n<h6 class=\"wp-block-heading\">Mat\u00e9riaux durables<\/h6>\n\n\n\n<p>Underbold-POD30 est un produit 100% \u00e9cologique innovant pour la stabilisation des sols, sp\u00e9cialement con\u00e7u pour la construction de routes et autres applications d'infrastructure.<\/p>\n<\/div>\n<\/div>\n<\/div>\n<\/div>\n\n\n\n<div class=\"wp-block-columns is-layout-flex wp-container-core-columns-is-layout-9d6595d7 wp-block-columns-is-layout-flex\">\n<div class=\"wp-block-column is-layout-flow wp-block-column-is-layout-flow\">\n<div class=\"wp-block-columns is-layout-flex wp-container-core-columns-is-layout-9d6595d7 wp-block-columns-is-layout-flex\">\n<div class=\"wp-block-column is-layout-flow wp-block-column-is-layout-flow\" style=\"flex-basis:33.33%\">\n<div id=\"wp-block-themeisle-blocks-font-awesome-icons-cd513ad2\" class=\"wp-block-themeisle-blocks-font-awesome-icons\"><span class=\"wp-block-themeisle-blocks-font-awesome-icons-container\"><i class=\"far fa-clock\"><\/i><\/span><\/div>\n<\/div>\n\n\n\n<div class=\"wp-block-column is-layout-flow wp-block-column-is-layout-flow\" style=\"flex-basis:66.66%\">\n<h6 class=\"wp-block-heading\">Planification \u00e0 long terme et maintenance<\/h6>\n\n\n\n<p>Notre mission est de faire de la construction routi\u00e8re un secteur d'avenir - avec une qualit\u00e9 maximale, des solutions durables et un accent clair sur l'environnement et la rentabilit\u00e9.<\/p>\n<\/div>\n<\/div>\n<\/div>\n\n\n\n<div class=\"wp-block-column is-layout-flow wp-block-column-is-layout-flow\">\n<div class=\"wp-block-columns is-layout-flex wp-container-core-columns-is-layout-9d6595d7 wp-block-columns-is-layout-flex\">\n<div class=\"wp-block-column is-layout-flow wp-block-column-is-layout-flow\" style=\"flex-basis:33.33%\">\n<div id=\"wp-block-themeisle-blocks-font-awesome-icons-474b4ad1\" class=\"wp-block-themeisle-blocks-font-awesome-icons\"><span class=\"wp-block-themeisle-blocks-font-awesome-icons-container\"><i class=\"fas fa-leaf\"><\/i><\/span><\/div>\n<\/div>\n\n\n\n<div class=\"wp-block-column is-layout-flow wp-block-column-is-layout-flow\" style=\"flex-basis:66.66%\">\n<h6 class=\"wp-block-heading\">Infrastructure verte<\/h6>\n\n\n\n<p>Nous contribuons activement au d\u00e9veloppement d'une infrastructure r\u00e9sistante et respectueuse de l'environnement, qui r\u00e9pond aux besoins d'aujourd'hui et aux d\u00e9fis de demain.<\/p>\n<\/div>\n<\/div>\n<\/div>\n<\/div>\n\n\n\n<section id=\"wp-block-themeisle-blocks-advanced-columns-dab9e0bf\" class=\"wp-block-themeisle-blocks-advanced-columns alignfull has-1-columns has-desktop-equal-layout has-tablet-equal-layout has-mobile-equal-layout has-vertical-flex-start\"><div class=\"wp-block-themeisle-blocks-advanced-columns-overlay\"><\/div><div class=\"innerblocks-wrap\">\n<div id=\"wp-block-themeisle-blocks-advanced-column-9df22226\" class=\"wp-block-themeisle-blocks-advanced-column\">\n<section id=\"wp-block-themeisle-blocks-advanced-columns-25c95699\" class=\"wp-block-themeisle-blocks-advanced-columns has-1-columns has-desktop-equal-layout has-tablet-equal-layout has-mobile-collapsedRows-layout has-vertical-flex-start\"><div class=\"wp-block-themeisle-blocks-advanced-columns-overlay\"><\/div><div class=\"innerblocks-wrap\">\n<div id=\"wp-block-themeisle-blocks-advanced-column-d4d9a4f8\" class=\"wp-block-themeisle-blocks-advanced-column\">\n<h2 class=\"wp-block-heading has-text-align-center has-text-color has-link-color has-x-large-font-size wp-elements-d35045e3b62493a2c8ee548aea0b5163\" style=\"color:#3f3d3d\"><strong>&nbsp;Projets de r\u00e9f\u00e9rence<\/strong><\/h2>\n\n\n\n<p class=\"has-text-align-center has-text-color has-link-color wp-elements-7426cb4c0534deca22ee0ba1a426c59f\" style=\"color:#3f3d3d\"><strong>Extraits de projets r\u00e9alis\u00e9s et pr\u00e9vus.<\/strong><br><strong>Quand pouvons-nous publier votre projet ?<\/strong><\/p>\n<\/div>\n<\/div><\/section>\n\n\n\n<section id=\"wp-block-themeisle-blocks-advanced-columns-b56443a0\" class=\"wp-block-themeisle-blocks-advanced-columns has-3-columns has-desktop-equal-layout has-tablet-equal-layout has-mobile-collapsedRows-layout has-vertical-flex-start\"><div class=\"wp-block-themeisle-blocks-advanced-columns-overlay\"><\/div><div class=\"innerblocks-wrap\">\n<div id=\"wp-block-themeisle-blocks-advanced-column-8b257f59\" class=\"wp-block-themeisle-blocks-advanced-column has-light-bg\">\n<h3 id=\"wp-block-themeisle-blocks-advanced-heading-6dc90e07\" class=\"wp-block-themeisle-blocks-advanced-heading wp-block-themeisle-blocks-advanced-heading-6dc90e07\">Buchanan \/ Lib\u00e9ria<\/h3>\n\n\n\n<figure class=\"wp-block-image size-large\"><img loading=\"lazy\" decoding=\"async\" width=\"1024\" height=\"576\" src=\"https:\/\/blueclimateag.ch\/wp-content\/uploads\/2025\/02\/before-asphalting-1024x576.jpg\" alt=\"\" class=\"wp-image-593\" style=\"aspect-ratio:16\/9;object-fit:cover\" srcset=\"https:\/\/blueclimateag.ch\/wp-content\/uploads\/2025\/02\/before-asphalting-1024x576.jpg 1024w, https:\/\/blueclimateag.ch\/wp-content\/uploads\/2025\/02\/before-asphalting-300x169.jpg 300w, https:\/\/blueclimateag.ch\/wp-content\/uploads\/2025\/02\/before-asphalting-768x432.jpg 768w, https:\/\/blueclimateag.ch\/wp-content\/uploads\/2025\/02\/before-asphalting-1536x864.jpg 1536w, https:\/\/blueclimateag.ch\/wp-content\/uploads\/2025\/02\/before-asphalting-18x10.jpg 18w, https:\/\/blueclimateag.ch\/wp-content\/uploads\/2025\/02\/before-asphalting.jpg 2000w\" sizes=\"auto, (max-width: 1024px) 100vw, 1024px\" \/><\/figure>\n\n\n\n<hr class=\"wp-block-separator has-text-color has-nv-site-bg-color has-css-opacity has-nv-site-bg-background-color has-background\"\/>\n\n\n\n<p>Blue Climate Liberia Inc. (actionnaire principal Deutschland GmbH, D-78244 Gottmadingen) a r\u00e9alis\u00e9 la piste d'essai de<\/p>\n\n\n\n<p>400 m construits avec succ\u00e8s \u00e0 Buchanan<\/p>\n<\/div>\n\n\n\n<div id=\"wp-block-themeisle-blocks-advanced-column-f8505509\" class=\"wp-block-themeisle-blocks-advanced-column has-light-bg\">\n<h3 id=\"wp-block-themeisle-blocks-advanced-heading-79a27878\" class=\"wp-block-themeisle-blocks-advanced-heading wp-block-themeisle-blocks-advanced-heading-79a27878\"><strong>Lipetsk \/ Russie<\/strong><\/h3>\n\n\n\n<figure class=\"wp-block-image size-large\"><img loading=\"lazy\" decoding=\"async\" width=\"768\" height=\"1024\" src=\"https:\/\/blueclimateag.ch\/wp-content\/uploads\/2025\/02\/20190620_122518-768x1024.jpg\" alt=\"\" class=\"wp-image-594\" style=\"aspect-ratio:16\/9;object-fit:cover\" srcset=\"https:\/\/blueclimateag.ch\/wp-content\/uploads\/2025\/02\/20190620_122518-768x1024.jpg 768w, https:\/\/blueclimateag.ch\/wp-content\/uploads\/2025\/02\/20190620_122518-225x300.jpg 225w, https:\/\/blueclimateag.ch\/wp-content\/uploads\/2025\/02\/20190620_122518-1152x1536.jpg 1152w, https:\/\/blueclimateag.ch\/wp-content\/uploads\/2025\/02\/20190620_122518-1536x2048.jpg 1536w, https:\/\/blueclimateag.ch\/wp-content\/uploads\/2025\/02\/20190620_122518-9x12.jpg 9w, https:\/\/blueclimateag.ch\/wp-content\/uploads\/2025\/02\/20190620_122518-scaled.jpg 1920w\" sizes=\"auto, (max-width: 768px) 100vw, 768px\" \/><\/figure>\n\n\n\n<hr class=\"wp-block-separator has-text-color has-nv-site-bg-color has-css-opacity has-nv-site-bg-background-color has-background\"\/>\n\n\n\n<p>Dans la r\u00e9gion de Lipetsk, la route est r\u00e9par\u00e9e selon la technologie allemande.<br><br>\u041b\u0438\u043f\u0435\u0446\u043a\u043e\u0439 \u043e\u0431\u043b\u0430\u0441\u0442\u0438 \u0434\u043e\u0440\u043e\u0433\u0443 \u0440\u0435\u043c\u043e\u043d\u0442\u0438\u0440\u0443\u044e\u0442 \u043f\u043e \u043d\u0435\u043c\u0435\u0446\u043a\u043e\u0439 \u0442\u0435\u0445\u043d\u043e\u043b\u043e\u0433\u0438\u0438<\/p>\n<\/div>\n\n\n\n<div id=\"wp-block-themeisle-blocks-advanced-column-43c95925\" class=\"wp-block-themeisle-blocks-advanced-column has-light-bg\">\n<h3 id=\"wp-block-themeisle-blocks-advanced-heading-e70d960d\" class=\"wp-block-themeisle-blocks-advanced-heading wp-block-themeisle-blocks-advanced-heading-e70d960d\"><strong>Lenzburg \/ Suisse<\/strong><\/h3>\n\n\n\n<figure class=\"wp-block-image size-large\"><img loading=\"lazy\" decoding=\"async\" width=\"1024\" height=\"580\" src=\"https:\/\/blueclimateag.ch\/wp-content\/uploads\/2025\/12\/20250706_181610-1024x580.jpg\" alt=\"\" class=\"wp-image-895\" style=\"aspect-ratio:16\/9;object-fit:cover\" srcset=\"https:\/\/blueclimateag.ch\/wp-content\/uploads\/2025\/12\/20250706_181610-1024x580.jpg 1024w, https:\/\/blueclimateag.ch\/wp-content\/uploads\/2025\/12\/20250706_181610-300x170.jpg 300w, https:\/\/blueclimateag.ch\/wp-content\/uploads\/2025\/12\/20250706_181610-768x435.jpg 768w, https:\/\/blueclimateag.ch\/wp-content\/uploads\/2025\/12\/20250706_181610-1536x869.jpg 1536w, https:\/\/blueclimateag.ch\/wp-content\/uploads\/2025\/12\/20250706_181610-2048x1159.jpg 2048w, https:\/\/blueclimateag.ch\/wp-content\/uploads\/2025\/12\/20250706_181610-18x10.jpg 18w\" sizes=\"auto, (max-width: 1024px) 100vw, 1024px\" \/><\/figure>\n\n\n\n<hr class=\"wp-block-separator has-text-color has-nv-site-bg-color has-css-opacity has-nv-site-bg-background-color has-background\"\/>\n\n\n\n<p>Chemin du champ de la montagne et chemin du B\u00fchl<br>D\u00e9but du projet en 2025<br>R\u00e9novation des pistes cyclables<\/p>\n\n\n\n<p><a href=\"https:\/\/youtu.be\/Vhp6Prkd5CI?si=UG8r2MLNN7gXJVVO\">Vid\u00e9o du projet<\/a><\/p>\n\n\n\n<p><\/p>\n\n\n\n<p><br><\/p>\n<\/div>\n<\/div><\/section>\n<\/div>\n<\/div><\/section>\n\n\n\n<p><\/p>","protected":false},"excerpt":{"rendered":"<p>Proc\u00e9d\u00e9 de construction \u00e0 faible \u00e9mission de CO\u2082 Nous misons sur des mat\u00e9riaux et des proc\u00e9d\u00e9s innovants et respectueux de l'environnement qui r\u00e9duisent de mani\u00e8re significative les \u00e9missions de CO\u2082. Mat\u00e9riaux durables Underbold-POD30 est un produit 100% \u00e9cologique innovant pour la stabilisation des sols, sp\u00e9cialement con\u00e7u pour la construction de routes et d'autres applications d'infrastructure. Planification et entretien \u00e0 long terme Notre mission est de rendre la construction routi\u00e8re durable - avec la plus haute qualit\u00e9, des solutions durables et...&nbsp;<a href=\"https:\/\/blueclimateag.ch\/fr\/15c42-web-agency-gb-portfolio\/\" rel=\"bookmark\">Read More \u00bb<span class=\"screen-reader-text\">Construction de routes<\/span><\/a><\/p>","protected":false},"author":2,"featured_media":0,"parent":0,"menu_order":0,"comment_status":"closed","ping_status":"closed","template":"","meta":{"neve_meta_sidebar":"full-width","neve_meta_container":"","neve_meta_enable_content_width":"on","neve_meta_content_width":100,"neve_meta_title_alignment":"","neve_meta_author_avatar":"","neve_post_elements_order":"","neve_meta_disable_header":"","neve_meta_disable_footer":"","neve_meta_disable_title":"on","neve_meta_reading_time":"","_themeisle_gutenberg_block_has_review":false,"footnotes":""},"class_list":["post-309","page","type-page","status-publish","hentry"],"_links":{"self":[{"href":"https:\/\/blueclimateag.ch\/fr\/wp-json\/wp\/v2\/pages\/309","targetHints":{"allow":["GET"]}}],"collection":[{"href":"https:\/\/blueclimateag.ch\/fr\/wp-json\/wp\/v2\/pages"}],"about":[{"href":"https:\/\/blueclimateag.ch\/fr\/wp-json\/wp\/v2\/types\/page"}],"author":[{"embeddable":true,"href":"https:\/\/blueclimateag.ch\/fr\/wp-json\/wp\/v2\/users\/2"}],"replies":[{"embeddable":true,"href":"https:\/\/blueclimateag.ch\/fr\/wp-json\/wp\/v2\/comments?post=309"}],"version-history":[{"count":32,"href":"https:\/\/blueclimateag.ch\/fr\/wp-json\/wp\/v2\/pages\/309\/revisions"}],"predecessor-version":[{"id":901,"href":"https:\/\/blueclimateag.ch\/fr\/wp-json\/wp\/v2\/pages\/309\/revisions\/901"}],"wp:attachment":[{"href":"https:\/\/blueclimateag.ch\/fr\/wp-json\/wp\/v2\/media?parent=309"}],"curies":[{"name":"wp","href":"https:\/\/api.w.org\/{rel}","templated":true}]}}