{"id":375,"date":"2024-07-04T14:37:15","date_gmt":"2024-07-04T14:37:15","guid":{"rendered":"https:\/\/biceb.ch\/?page_id=375"},"modified":"2025-02-06T14:11:22","modified_gmt":"2025-02-06T14:11:22","slug":"principes","status":"publish","type":"page","link":"https:\/\/blueclimateag.ch\/fr\/grundsaetze\/","title":{"rendered":"Principes"},"content":{"rendered":"<div id=\"wp-block-themeisle-blocks-advanced-columns-678cc482\" class=\"wp-block-themeisle-blocks-advanced-columns alignfull has-1-columns has-desktop-equal-layout has-tablet-equal-layout has-mobile-collapsedRows-layout has-reverse-columns-mobile has-vertical-bottom ticss-c00aadba\"><div class=\"wp-block-themeisle-blocks-advanced-columns-overlay\"><\/div><div class=\"innerblocks-wrap\">\n<div id=\"wp-block-themeisle-blocks-advanced-column-4d412c51\" class=\"wp-block-themeisle-blocks-advanced-column\">\n<h2 id=\"wp-block-themeisle-blocks-advanced-heading-fb3c7a39\" class=\"wp-block-themeisle-blocks-advanced-heading wp-block-themeisle-blocks-advanced-heading-fb3c7a39\"><mark style=\"background-color:rgba(0, 0, 0, 0)\" class=\"has-inline-color has-nv-text-dark-bg-color\">Nos principes et nos id\u00e9es directrices<\/mark><\/h2>\n\n\n\n<p class=\"has-text-align-left has-text-color\" style=\"color:#fefefe\"><mark style=\"background-color:rgba(0, 0, 0, 0)\" class=\"has-inline-color has-nv-text-dark-bg-color\">Notre travail se caract\u00e9rise par la responsabilit\u00e9 et des normes de qualit\u00e9 \u00e9lev\u00e9es. Pour en savoir plus, consultez les diff\u00e9rents principes selon lesquels nous agissons.<\/mark><\/p>\n\n\n\n<div class=\"wp-block-buttons is-content-justification-center is-layout-flex wp-container-core-buttons-is-layout-16018d1d wp-block-buttons-is-layout-flex\"><\/div>\n<\/div>\n<\/div><\/div>\n\n\n\n<div class=\"wp-block-columns is-layout-flex wp-container-core-columns-is-layout-9d6595d7 wp-block-columns-is-layout-flex\">\n<div class=\"wp-block-column is-layout-flow wp-block-column-is-layout-flow\"><\/div>\n\n\n\n<div class=\"wp-block-column is-layout-flow wp-block-column-is-layout-flow\"><\/div>\n<\/div>\n\n\n\n<div class=\"wp-block-columns is-layout-flex wp-container-core-columns-is-layout-9d6595d7 wp-block-columns-is-layout-flex\">\n<div class=\"wp-block-column is-layout-flow wp-block-column-is-layout-flow\" style=\"flex-basis:33.33%\">\n<h1 class=\"wp-block-heading has-text-align-center\">01<\/h1>\n<\/div>\n\n\n\n<div class=\"wp-block-column is-layout-flow wp-block-column-is-layout-flow\" style=\"flex-basis:66.66%\">\n<h2 class=\"wp-block-heading\">Principes de comportement<\/h2>\n\n\n\n<h3 class=\"wp-block-heading\">Responsabilit\u00e9 personnelle<\/h3>\n\n\n\n<p>Nous, c'est-\u00e0-dire tous les collaborateurs et cadres de Blue Climate AG, assumons la responsabilit\u00e9 de nos t\u00e2ches et des r\u00e9sultats de notre travail. Nous nous comportons dans l'int\u00e9r\u00eat de l'entreprise et des clients, agissons de mani\u00e8re \u00e0 trouver des solutions et saisissons nos chances.<\/p>\n<\/div>\n<\/div>\n\n\n\n<div class=\"wp-block-columns is-layout-flex wp-container-core-columns-is-layout-9d6595d7 wp-block-columns-is-layout-flex\">\n<div class=\"wp-block-column is-layout-flow wp-block-column-is-layout-flow\" style=\"flex-basis:33.33%\">\n<h1 class=\"wp-block-heading has-text-align-center\">02<\/h1>\n<\/div>\n\n\n\n<div class=\"wp-block-column is-layout-flow wp-block-column-is-layout-flow\" style=\"flex-basis:66.66%\">\n<h3 class=\"wp-block-heading\">Volont\u00e9 de performance<\/h3>\n\n\n\n<p>Nous mettons notre force de travail et nos comp\u00e9tences personnelles au service des objectifs de l'entreprise. L'orientation cons\u00e9quente vers les besoins des clients est ici d\u00e9cisive.<\/p>\n<\/div>\n<\/div>\n\n\n\n<div class=\"wp-block-columns is-layout-flex wp-container-core-columns-is-layout-9d6595d7 wp-block-columns-is-layout-flex\">\n<div class=\"wp-block-column is-layout-flow wp-block-column-is-layout-flow\" style=\"flex-basis:33.33%\">\n<h1 class=\"wp-block-heading has-text-align-center\">03<\/h1>\n<\/div>\n\n\n\n<div class=\"wp-block-column is-layout-flow wp-block-column-is-layout-flow\" style=\"flex-basis:66.66%\">\n<h3 class=\"wp-block-heading\">Communication<\/h3>\n\n\n\n<p>Nous communiquons ouvertement, honn\u00eatement, de mani\u00e8re contraignante et respectueuse. Nous abordons les conflits \u00e0 temps et les r\u00e9glons de mani\u00e8re \u00e9quitable. Nous cherchons ensemble des solutions et respectons les accords pass\u00e9s.<\/p>\n<\/div>\n<\/div>\n\n\n\n<div class=\"wp-block-columns is-layout-flex wp-container-core-columns-is-layout-9d6595d7 wp-block-columns-is-layout-flex\">\n<div class=\"wp-block-column is-layout-flow wp-block-column-is-layout-flow\" style=\"flex-basis:33.33%\">\n<h1 class=\"wp-block-heading has-text-align-center\">04<\/h1>\n<\/div>\n\n\n\n<div class=\"wp-block-column is-layout-flow wp-block-column-is-layout-flow\" style=\"flex-basis:66.66%\">\n<h3 class=\"wp-block-heading\">Coop\u00e9ration<\/h3>\n\n\n\n<p>Nous nous soutenons mutuellement et adoptons une approche partenariale et respectueuse. Nous encourageons le processus d'apprentissage, assumons nos erreurs et en tirons les le\u00e7ons. Nous sommes ouverts au changement.<\/p>\n<\/div>\n<\/div>\n\n\n\n<div class=\"wp-block-columns is-layout-flex wp-container-core-columns-is-layout-9d6595d7 wp-block-columns-is-layout-flex\">\n<div class=\"wp-block-column is-layout-flow wp-block-column-is-layout-flow\" style=\"flex-basis:33.33%\">\n<h1 class=\"wp-block-heading has-text-align-center\">05<\/h1>\n<\/div>\n\n\n\n<div class=\"wp-block-column is-layout-flow wp-block-column-is-layout-flow\" style=\"flex-basis:66.66%\">\n<h2 class=\"wp-block-heading\">Principes de gestion<\/h2>\n\n\n\n<h3 class=\"wp-block-heading\">Mod\u00e8le<\/h3>\n\n\n\n<p>Nos cadres donnent l'exemple en mati\u00e8re de bonnes performances et de principes de comportement et de leadership.<\/p>\n<\/div>\n<\/div>\n\n\n\n<div class=\"wp-block-columns is-layout-flex wp-container-core-columns-is-layout-9d6595d7 wp-block-columns-is-layout-flex\">\n<div class=\"wp-block-column is-layout-flow wp-block-column-is-layout-flow\" style=\"flex-basis:33.33%\">\n<h1 class=\"wp-block-heading has-text-align-center\">06<\/h1>\n<\/div>\n\n\n\n<div class=\"wp-block-column is-layout-flow wp-block-column-is-layout-flow\" style=\"flex-basis:66.66%\">\n<h3 class=\"wp-block-heading\">Guide<\/h3>\n\n\n\n<p>Diriger, c'est atteindre des objectifs avec des personnes. Nos cadres sont conscients de leurs responsabilit\u00e9s. Ils utilisent correctement leurs collaborateurs en fonction de leurs points forts. Ils exigent des performances, de la qualit\u00e9 et des r\u00e9sultats, donnent \u00e0 leurs collaborateurs les moyens d'y parvenir et renforcent leur responsabilit\u00e9 personnelle. Ils d\u00e9l\u00e8guent et contr\u00f4lent en fonction des processus. Nos cadres encouragent activement le feed-back entre eux et leurs collaborateurs (donner et recevoir). Ils cr\u00e9ent un cadre motivant et harmonisent les objectifs de l'entreprise et les objectifs individuels. Nos cadres dirigeants dirigent de mani\u00e8re cibl\u00e9e, exigeante et participative. La participation ne remplace pas les d\u00e9cisions des cadres.<\/p>\n<\/div>\n<\/div>\n\n\n\n<div class=\"wp-block-columns is-layout-flex wp-container-core-columns-is-layout-9d6595d7 wp-block-columns-is-layout-flex\">\n<div class=\"wp-block-column is-layout-flow wp-block-column-is-layout-flow\" style=\"flex-basis:33.33%\">\n<h1 class=\"wp-block-heading has-text-align-center\">07<\/h1>\n<\/div>\n\n\n\n<div class=\"wp-block-column is-layout-flow wp-block-column-is-layout-flow\" style=\"flex-basis:66.66%\">\n<h3 class=\"wp-block-heading\">Confiance<\/h3>\n\n\n\n<p>La confiance constitue la base de la relation entre les cadres et les collaborateurs. La confiance implique la conviction que nos collaborateurs sont comp\u00e9tents et pr\u00eats \u00e0 s'investir.<\/p>\n<\/div>\n<\/div>\n\n\n\n<div class=\"wp-block-columns is-layout-flex wp-container-core-columns-is-layout-9d6595d7 wp-block-columns-is-layout-flex\">\n<div class=\"wp-block-column is-layout-flow wp-block-column-is-layout-flow\" style=\"flex-basis:33.33%\">\n<h1 class=\"wp-block-heading has-text-align-center\">08<\/h1>\n<\/div>\n\n\n\n<div class=\"wp-block-column is-layout-flow wp-block-column-is-layout-flow\" style=\"flex-basis:66.66%\">\n<h3 class=\"wp-block-heading\">D\u00e9veloppement du personnel<\/h3>\n\n\n\n<p>Nous consid\u00e9rons le d\u00e9veloppement comme une t\u00e2che de gestion importante et donnons \u00e0 tous la possibilit\u00e9 de participer \u00e0 l'\u00e9laboration de leur avenir personnel et professionnel. L'impulsion du d\u00e9veloppement est en premier lieu de la responsabilit\u00e9 de nos collaborateurs. Nous soutenons les mesures internes et externes de formation et de d\u00e9veloppement professionnels.<\/p>\n<\/div>\n<\/div>\n\n\n\n<div class=\"wp-block-columns is-layout-flex wp-container-core-columns-is-layout-9d6595d7 wp-block-columns-is-layout-flex\">\n<div class=\"wp-block-column is-layout-flow wp-block-column-is-layout-flow\" style=\"flex-basis:33.33%\">\n<h1 class=\"wp-block-heading has-text-align-center\">09<\/h1>\n<\/div>\n\n\n\n<div class=\"wp-block-column is-layout-flow wp-block-column-is-layout-flow\" style=\"flex-basis:66.66%\">\n<h2 class=\"wp-block-heading\">Qualit\u00e9<\/h2>\n\n\n\n<p>La qualit\u00e9 est notre bien le plus pr\u00e9cieux, et nous nous effor\u00e7ons de l'obtenir chaque jour. Nous voulons obtenir un maximum d'avantages pour nos clients. Nous ne nous contentons pas de fournir \/ vendre des services et des solutions, mais nous cr\u00e9ons des valeurs qualitatives. C'est pourquoi nous r\u00e9pondons aux exigences de nos clients avec le plus grand soin. Gr\u00e2ce \u00e0 des ateliers et des formations internes, nous contribuons \u00e0 ce que chaque collaborateur agisse \u00e0 tout moment dans le respect de la qualit\u00e9.<\/p>\n<\/div>\n<\/div>\n\n\n\n<div class=\"wp-block-columns is-layout-flex wp-container-core-columns-is-layout-9d6595d7 wp-block-columns-is-layout-flex\">\n<div class=\"wp-block-column is-layout-flow wp-block-column-is-layout-flow\" style=\"flex-basis:33.33%\">\n<h1 class=\"wp-block-heading has-text-align-center\">10<\/h1>\n<\/div>\n\n\n\n<div class=\"wp-block-column is-layout-flow wp-block-column-is-layout-flow\" style=\"flex-basis:66.66%\">\n<h2 class=\"wp-block-heading\">Gouvernance d'entreprise<\/h2>\n\n\n\n<p>Dans une PME d\u00e9tenue par ses dirigeants, la gouvernance d'entreprise est un sujet important. Nous sommes conscients que, malgr\u00e9 la concentration de la direction et de l'actionnariat, une bonne gouvernance d'entreprise et un bon contr\u00f4le sont importants pour la r\u00e9ussite durable de l'entreprise.<\/p>\n\n\n\n<p>C'est pourquoi nous misons d\u00e9lib\u00e9r\u00e9ment sur un contr\u00f4le externe par<\/p>\n\n\n\n<ul class=\"wp-block-list\">\n<li>un pr\u00e9sident du conseil d'administration externe, ainsi que<\/li>\n\n\n\n<li>un organe de r\u00e9vision externe et ind\u00e9pendant.<\/li>\n<\/ul>\n\n\n\n<p>Les comp\u00e9tences sont expos\u00e9es de mani\u00e8re claire et transparente dans le r\u00e8glement d'organisation de Blue Climate AG.<\/p>\n<\/div>\n<\/div>\n\n\n\n<div class=\"wp-block-columns is-layout-flex wp-container-core-columns-is-layout-9d6595d7 wp-block-columns-is-layout-flex\">\n<div class=\"wp-block-column is-layout-flow wp-block-column-is-layout-flow\" style=\"flex-basis:33.33%\">\n<h1 class=\"wp-block-heading has-text-align-center\">11<\/h1>\n<\/div>\n\n\n\n<div class=\"wp-block-column is-layout-flow wp-block-column-is-layout-flow\" style=\"flex-basis:66.66%\">\n<h3 class=\"wp-block-heading\">Syst\u00e8me de gestion<\/h3>\n\n\n\n<p>Blue Climate AG est en train de mettre en place un syst\u00e8me de gestion de la qualit\u00e9 qui m\u00e9rite d'\u00eatre certifi\u00e9 selon la norme ISO 9001:2015.<\/p>\n\n\n\n<p>Nous d\u00e9crivons nos principes directeurs dans le manuel de gestion. Il contient des directives relatives \u00e0 la qualit\u00e9 des services et des solutions ainsi qu'\u00e0 la protection des travailleurs, r\u00e9pertorie les r\u00e8gles de direction et de comportement importantes et fixe les bases de notre politique du personnel. Le manuel de management en vigueur est le principal instrument de gestion des activit\u00e9s op\u00e9rationnelles. Sur la base de ce manuel, la direction s'assure que les lois et directives en vigueur sont respect\u00e9es \u00e0 tout moment.<\/p>\n<\/div>\n<\/div>\n\n\n\n<div class=\"wp-block-columns is-layout-flex wp-container-core-columns-is-layout-9d6595d7 wp-block-columns-is-layout-flex\">\n<div class=\"wp-block-column is-layout-flow wp-block-column-is-layout-flow\" style=\"flex-basis:33.33%\">\n<h1 class=\"wp-block-heading has-text-align-center\">12<\/h1>\n<\/div>\n\n\n\n<div class=\"wp-block-column is-layout-flow wp-block-column-is-layout-flow\" style=\"flex-basis:66.66%\">\n<h3 class=\"wp-block-heading\">Gestion des risques<\/h3>\n\n\n\n<p>La conscience des risques est un \u00e9l\u00e9ment cl\u00e9 de notre action entrepreneuriale. Nous prenons des mesures pour tenir compte de tous les facteurs de risque et pour \u00e9liminer et limiter les risques lorsque cela est possible. Notre syst\u00e8me de gestion des risques sert \u00e0 identifier et \u00e0 \u00e9valuer les risques, \u00e0 les surveiller, \u00e0 les g\u00e9rer et \u00e0 les minimiser, \u00e0 les documenter et \u00e0 les communiquer au sein de l'entreprise et, le cas \u00e9ch\u00e9ant, \u00e0 l'ext\u00e9rieur. Nous d\u00e9veloppons en permanence nos politiques et syst\u00e8mes de gestion des risques.<\/p>\n\n\n\n<p>Depuis 2014, nous sommes en train de mettre en place un syst\u00e8me de contr\u00f4le interne (SCI) et nous nous orientons vers les normes ISO 9001:2015.<\/p>\n\n\n\n<p>Nous ins\u00e9rons le syst\u00e8me dans l'organisation interne de mani\u00e8re \u00e0 garantir la s\u00e9paration de la gestion au niveau des processus et du contr\u00f4le au plus haut niveau de l'entreprise.<\/p>\n<\/div>\n<\/div>\n\n\n\n<div class=\"wp-block-columns is-layout-flex wp-container-core-columns-is-layout-9d6595d7 wp-block-columns-is-layout-flex\">\n<div class=\"wp-block-column is-layout-flow wp-block-column-is-layout-flow\" style=\"flex-basis:33.33%\">\n<h1 class=\"wp-block-heading has-text-align-center\">13<\/h1>\n<\/div>\n\n\n\n<div class=\"wp-block-column is-layout-flow wp-block-column-is-layout-flow\" style=\"flex-basis:66.66%\">\n<h3 class=\"wp-block-heading\">Notre syst\u00e8me de gestion des risques<\/h3>\n\n\n\n<p>Les diff\u00e9rents outils du syst\u00e8me comprennent les sc\u00e9narios de risque, le portefeuille de risques et la carte des risques. Les sc\u00e9narios de risque tiennent compte de questions telles que la capacit\u00e9 de livraison et les fluctuations du march\u00e9, la s\u00e9curit\u00e9 des services et des solutions ainsi que la s\u00e9curit\u00e9 du travail. Les param\u00e8tres les plus importants dans l'\u00e9valuation des risques sont les cons\u00e9quences possibles et le degr\u00e9 de ma\u00eetrise.<\/p>\n\n\n\n<p>La probabilit\u00e9 d'occurrence d'un sc\u00e9nario ne nous int\u00e9resse pas en premier lieu. Nous voulons ainsi d\u00e9lib\u00e9r\u00e9ment traiter des sc\u00e9narios qui peuvent \u00eatre consid\u00e9r\u00e9s comme tr\u00e8s rares et peu probables.<\/p>\n\n\n\n<p>Le portefeuille de risques r\u00e9sume les connaissances acquises, d\u00e9finit les priorit\u00e9s et recommande des mesures de nature technique et organisationnelle. La carte des risques sert d'instrument de communication et de contr\u00f4le pour la repr\u00e9sentation et l'\u00e9valuation claires des risques, en classant les \u00e9volutions imminentes selon les couleurs des feux de signalisation. La carte des risques est pr\u00e9sent\u00e9e r\u00e9guli\u00e8rement au conseil d'administration.<\/p>\n<\/div>\n<\/div>\n\n\n\n<div class=\"wp-block-columns is-layout-flex wp-container-core-columns-is-layout-9d6595d7 wp-block-columns-is-layout-flex\">\n<div class=\"wp-block-column is-layout-flow wp-block-column-is-layout-flow\" style=\"flex-basis:33.33%\">\n<h1 class=\"wp-block-heading has-text-align-center\">14<\/h1>\n<\/div>\n\n\n\n<div class=\"wp-block-column is-layout-flow wp-block-column-is-layout-flow\" style=\"flex-basis:66.66%\">\n<h2 class=\"wp-block-heading\">Personnel<\/h2>\n\n\n\n<h3 class=\"wp-block-heading\">Notre responsabilit\u00e9 en tant qu'employeur<\/h3>\n\n\n\n<p>En tant qu'employeur, nous faisons preuve d'un engagement social. Nous exigeons et encourageons, nous cr\u00e9ons pour nos collaborateurs une base d'existence aussi s\u00fbre que possible et un environnement optimal. Nous offrons un environnement de travail multiculturel qui fonctionne : des coll\u00e8gues de diff\u00e9rentes nationalit\u00e9s travaillent ensemble dans une bonne ambiance familiale et fa\u00e7onnent ensemble notre culture d'entreprise ouverte et familiale.<\/p>\n<\/div>\n<\/div>\n\n\n\n<div class=\"wp-block-columns is-layout-flex wp-container-core-columns-is-layout-9d6595d7 wp-block-columns-is-layout-flex\">\n<div class=\"wp-block-column is-layout-flow wp-block-column-is-layout-flow\" style=\"flex-basis:33.33%\">\n<h1 class=\"wp-block-heading has-text-align-center\">15<\/h1>\n<\/div>\n\n\n\n<div class=\"wp-block-column is-layout-flow wp-block-column-is-layout-flow\" style=\"flex-basis:66.66%\">\n<h3 class=\"wp-block-heading\">Politique du personnel<\/h3>\n\n\n\n<p>La mani\u00e8re dont nos collaborateurs portent les valeurs et les prestations de notre entreprise vers l'ext\u00e9rieur ou contribuent \u00e0 ces valeurs et prestations est notre avantage concurrentiel d\u00e9cisif. Notre politique du personnel s'aligne sans restriction sur cette constatation.&nbsp;<\/p>\n<\/div>\n<\/div>\n\n\n\n<div class=\"wp-block-columns is-layout-flex wp-container-core-columns-is-layout-9d6595d7 wp-block-columns-is-layout-flex\">\n<div class=\"wp-block-column is-layout-flow wp-block-column-is-layout-flow\" style=\"flex-basis:33.33%\">\n<h1 class=\"wp-block-heading has-text-align-center\">16<\/h1>\n<\/div>\n\n\n\n<div class=\"wp-block-column is-layout-flow wp-block-column-is-layout-flow\" style=\"flex-basis:66.66%\">\n<h3 class=\"wp-block-heading\">Recrutement de personnel<\/h3>\n\n\n\n<p>Dans le cadre du profil d'exigences, nous s\u00e9lectionnons nos nouveaux collaborateurs en fonction de leur personnalit\u00e9. Nous nous adressons \u00e0 des personnes qui veulent participer \u00e0 la construction de leur avenir et de celui de l'entreprise et qui assument les responsabilit\u00e9s qui leur sont confi\u00e9es.<\/p>\n\n\n\n<p>Nous offrons \u00e0 nos collaborateurs des domaines d'activit\u00e9 globaux et responsables qui ont une influence directe sur le d\u00e9veloppement de notre entreprise.<\/p>\n\n\n\n<p>Nous adaptons les t\u00e2ches des collaborateurs \u00e0 l'\u00e9volution du march\u00e9.<\/p>\n<\/div>\n<\/div>\n\n\n\n<div class=\"wp-block-columns is-layout-flex wp-container-core-columns-is-layout-9d6595d7 wp-block-columns-is-layout-flex\">\n<div class=\"wp-block-column is-layout-flow wp-block-column-is-layout-flow\" style=\"flex-basis:33.33%\">\n<h1 class=\"wp-block-heading has-text-align-center\">17<\/h1>\n<\/div>\n\n\n\n<div class=\"wp-block-column is-layout-flow wp-block-column-is-layout-flow\" style=\"flex-basis:66.66%\">\n<h3 class=\"wp-block-heading\">\u00c9valuation du personnel<\/h3>\n\n\n\n<p>Nous avons un processus annuel de fixation d'objectifs et d'\u00e9valuation afin que les collaborateurs connaissent leurs d\u00e9fis et puissent accomplir leur mission. La performance est \u00e9valu\u00e9e en fonction de la r\u00e9alisation d'objectifs mat\u00e9riels et comportementaux. Des entretiens en cours d'ann\u00e9e compl\u00e8tent le processus formel.<\/p>\n\n\n\n<p>Les entretiens concernant des performances insuffisantes ou un comportement ind\u00e9sirable sont formellement document\u00e9s. Les performances exceptionnelles sont appr\u00e9ci\u00e9es et peuvent \u00e9galement \u00eatre document\u00e9es de mani\u00e8re formelle.<\/p>\n\n\n\n<p>Gr\u00e2ce \u00e0 de bons outils, \u00e0 des entretiens d'\u00e9valuation men\u00e9s de mani\u00e8re professionnelle et \u00e0 une culture de l'entretien honn\u00eate, nous obtenons un feed-back valorisant et favorisant le d\u00e9veloppement.<\/p>\n<\/div>\n<\/div>\n\n\n\n<div class=\"wp-block-columns is-layout-flex wp-container-core-columns-is-layout-9d6595d7 wp-block-columns-is-layout-flex\">\n<div class=\"wp-block-column is-layout-flow wp-block-column-is-layout-flow\" style=\"flex-basis:33.33%\">\n<h1 class=\"wp-block-heading has-text-align-center\">18<\/h1>\n<\/div>\n\n\n\n<div class=\"wp-block-column is-layout-flow wp-block-column-is-layout-flow\" style=\"flex-basis:66.66%\">\n<h3 class=\"wp-block-heading\">R\u00e9mun\u00e9ration du personnel<\/h3>\n\n\n\n<p>Nous r\u00e9mun\u00e9rons sur la base des exigences du poste, des performances et du march\u00e9. Nos prestations ne se limitent pas au paiement du salaire. Nos collaborateurs b\u00e9n\u00e9ficient \u00e9galement de conditions d'emploi suppl\u00e9mentaires et attrayantes. Nous nous effor\u00e7ons d'aligner la r\u00e9mun\u00e9ration des collaborateurs sur les r\u00e9sultats de l'entreprise.<\/p>\n<\/div>\n<\/div>\n\n\n\n<div class=\"wp-block-columns is-layout-flex wp-container-core-columns-is-layout-9d6595d7 wp-block-columns-is-layout-flex\">\n<div class=\"wp-block-column is-layout-flow wp-block-column-is-layout-flow\" style=\"flex-basis:33.33%\">\n<h1 class=\"wp-block-heading has-text-align-center\">19<\/h1>\n<\/div>\n\n\n\n<div class=\"wp-block-column is-layout-flow wp-block-column-is-layout-flow\" style=\"flex-basis:66.66%\">\n<h3 class=\"wp-block-heading\">D\u00e9veloppement du personnel<\/h3>\n\n\n\n<p>Nous consid\u00e9rons le d\u00e9veloppement comme une t\u00e2che de gestion importante et donnons \u00e0 tous la possibilit\u00e9 de participer \u00e0 la construction de leur avenir personnel et professionnel. L'impulsion du d\u00e9veloppement est en premier lieu de la responsabilit\u00e9 de nos collaborateurs. Nous soutenons les mesures internes et externes de formation et de d\u00e9veloppement professionnels.<\/p>\n<\/div>\n<\/div>\n\n\n\n<div class=\"wp-block-columns is-layout-flex wp-container-core-columns-is-layout-9d6595d7 wp-block-columns-is-layout-flex\">\n<div class=\"wp-block-column is-layout-flow wp-block-column-is-layout-flow\" style=\"flex-basis:33.33%\">\n<h1 class=\"wp-block-heading has-text-align-center\">20<\/h1>\n<\/div>\n\n\n\n<div class=\"wp-block-column is-layout-flow wp-block-column-is-layout-flow\" style=\"flex-basis:66.66%\">\n<h3 class=\"wp-block-heading\">Communication<\/h3>\n\n\n\n<p>Par le biais de la communication, nous cr\u00e9ons de la transparence, de la compr\u00e9hension, de la confiance et de la motivation en interne et en externe, et faisons ainsi de l'entreprise un employeur attractif. En outre, nous consid\u00e9rons la communication comme un instrument permettant d'atteindre les objectifs de l'entreprise.<\/p>\n<\/div>\n<\/div>\n\n\n\n<div class=\"wp-block-columns is-layout-flex wp-container-core-columns-is-layout-9d6595d7 wp-block-columns-is-layout-flex\">\n<div class=\"wp-block-column is-layout-flow wp-block-column-is-layout-flow\" style=\"flex-basis:33.33%\">\n<h1 class=\"wp-block-heading has-text-align-center\">21<\/h1>\n<\/div>\n\n\n\n<div class=\"wp-block-column is-layout-flow wp-block-column-is-layout-flow\" style=\"flex-basis:66.66%\">\n<h3 class=\"wp-block-heading\">Service du personnel<\/h3>\n\n\n\n<p>Notre service du personnel met \u00e0 disposition les processus, les instruments et les services n\u00e9cessaires \u00e0 la mise en \u0153uvre de cette politique du personnel. Les collaborateurs du service du personnel sont les interlocuteurs des cadres et des collaborateurs.<\/p>\n<\/div>\n<\/div>","protected":false},"excerpt":{"rendered":"<p>01 Principes de comportement Responsabilit\u00e9 personnelle Nous, c'est-\u00e0-dire tous les collaborateurs et cadres de Blue Climate AG, assumons la responsabilit\u00e9 de nos t\u00e2ches et des r\u00e9sultats de notre travail. Nous nous comportons dans l'int\u00e9r\u00eat de l'entreprise et des clients, agissons de mani\u00e8re \u00e0 trouver des solutions et saisissons nos chances. 02 Volont\u00e9 de performance Nous mettons notre force de travail et nos capacit\u00e9s personnelles au service des objectifs de l'entreprise...&nbsp;<a href=\"https:\/\/blueclimateag.ch\/fr\/grundsaetze\/\" rel=\"bookmark\">Read More \u00bb<span class=\"screen-reader-text\">Principes<\/span><\/a><\/p>","protected":false},"author":2,"featured_media":0,"parent":0,"menu_order":0,"comment_status":"closed","ping_status":"closed","template":"","meta":{"neve_meta_sidebar":"full-width","neve_meta_container":"contained","neve_meta_enable_content_width":"on","neve_meta_content_width":100,"neve_meta_title_alignment":"","neve_meta_author_avatar":"","neve_post_elements_order":"","neve_meta_disable_header":"","neve_meta_disable_footer":"","neve_meta_disable_title":"on","neve_meta_reading_time":"","_themeisle_gutenberg_block_has_review":false,"footnotes":""},"class_list":["post-375","page","type-page","status-publish","hentry"],"_links":{"self":[{"href":"https:\/\/blueclimateag.ch\/fr\/wp-json\/wp\/v2\/pages\/375","targetHints":{"allow":["GET"]}}],"collection":[{"href":"https:\/\/blueclimateag.ch\/fr\/wp-json\/wp\/v2\/pages"}],"about":[{"href":"https:\/\/blueclimateag.ch\/fr\/wp-json\/wp\/v2\/types\/page"}],"author":[{"embeddable":true,"href":"https:\/\/blueclimateag.ch\/fr\/wp-json\/wp\/v2\/users\/2"}],"replies":[{"embeddable":true,"href":"https:\/\/blueclimateag.ch\/fr\/wp-json\/wp\/v2\/comments?post=375"}],"version-history":[{"count":8,"href":"https:\/\/blueclimateag.ch\/fr\/wp-json\/wp\/v2\/pages\/375\/revisions"}],"predecessor-version":[{"id":568,"href":"https:\/\/blueclimateag.ch\/fr\/wp-json\/wp\/v2\/pages\/375\/revisions\/568"}],"wp:attachment":[{"href":"https:\/\/blueclimateag.ch\/fr\/wp-json\/wp\/v2\/media?parent=375"}],"curies":[{"name":"wp","href":"https:\/\/api.w.org\/{rel}","templated":true}]}}