{"id":408,"date":"2024-07-05T14:45:37","date_gmt":"2024-07-05T14:45:37","guid":{"rendered":"https:\/\/biceb.ch\/?page_id=408"},"modified":"2025-05-27T13:04:36","modified_gmt":"2025-05-27T13:04:36","slug":"underbold","status":"publish","type":"page","link":"https:\/\/blueclimateag.ch\/fr\/underbold\/","title":{"rendered":"Underbold"},"content":{"rendered":"<div id=\"wp-block-themeisle-blocks-advanced-columns-678cc482\" class=\"wp-block-themeisle-blocks-advanced-columns alignfull has-1-columns has-desktop-equal-layout has-tablet-equal-layout has-mobile-collapsedRows-layout has-reverse-columns-mobile has-vertical-bottom ticss-c00aadba\"><div class=\"wp-block-themeisle-blocks-advanced-columns-overlay\"><\/div><div class=\"innerblocks-wrap\">\n<div id=\"wp-block-themeisle-blocks-advanced-column-4d412c51\" class=\"wp-block-themeisle-blocks-advanced-column\">\n<h2 id=\"wp-block-themeisle-blocks-advanced-heading-fb3c7a39\" class=\"wp-block-themeisle-blocks-advanced-heading wp-block-themeisle-blocks-advanced-heading-fb3c7a39\">UNDERBOLD<\/h2>\n\n\n\n<p class=\"has-text-align-center has-text-color\" style=\"color:#fefefe\">______________________<\/p>\n\n\n\n<div class=\"wp-block-buttons is-content-justification-center is-layout-flex wp-container-core-buttons-is-layout-16018d1d wp-block-buttons-is-layout-flex\"><\/div>\n<\/div>\n<\/div><\/div>\n\n\n\n<section id=\"wp-block-themeisle-blocks-advanced-columns-dab9e0bf\" class=\"wp-block-themeisle-blocks-advanced-columns alignfull has-1-columns has-desktop-equal-layout has-tablet-equal-layout has-mobile-equal-layout has-vertical-flex-start\"><div class=\"wp-block-themeisle-blocks-advanced-columns-overlay\"><\/div><div class=\"innerblocks-wrap\">\n<div id=\"wp-block-themeisle-blocks-advanced-column-9df22226\" class=\"wp-block-themeisle-blocks-advanced-column\">\n<section id=\"wp-block-themeisle-blocks-advanced-columns-b56443a0\" class=\"wp-block-themeisle-blocks-advanced-columns has-3-columns has-desktop-equal-layout has-tablet-equal-layout has-mobile-collapsedRows-layout has-vertical-flex-start\"><div class=\"wp-block-themeisle-blocks-advanced-columns-overlay\"><\/div><div class=\"innerblocks-wrap\">\n<div id=\"wp-block-themeisle-blocks-advanced-column-8b257f59\" class=\"wp-block-themeisle-blocks-advanced-column has-light-bg\">\n<h2 id=\"wp-block-themeisle-blocks-advanced-heading-0b1abecd\" class=\"wp-block-themeisle-blocks-advanced-heading wp-block-themeisle-blocks-advanced-heading-0b1abecd\">100%<\/h2>\n\n\n\n<p id=\"wp-block-themeisle-blocks-advanced-heading-cf3bf296\" class=\"wp-block-themeisle-blocks-advanced-heading wp-block-themeisle-blocks-advanced-heading-cf3bf296\">produits \u00e9cologiques<\/p>\n\n\n\n<hr class=\"wp-block-separator has-text-color has-nv-site-bg-color has-css-opacity has-nv-site-bg-background-color has-background\"\/>\n<\/div>\n\n\n\n<div id=\"wp-block-themeisle-blocks-advanced-column-f8505509\" class=\"wp-block-themeisle-blocks-advanced-column has-light-bg\">\n<h2 id=\"wp-block-themeisle-blocks-advanced-heading-695ae192\" class=\"wp-block-themeisle-blocks-advanced-heading wp-block-themeisle-blocks-advanced-heading-695ae192\">30%<\/h2>\n\n\n\n<p id=\"wp-block-themeisle-blocks-advanced-heading-30dd530d\" class=\"wp-block-themeisle-blocks-advanced-heading wp-block-themeisle-blocks-advanced-heading-30dd530d\">des temps de fabrication plus courts<\/p>\n\n\n\n<hr class=\"wp-block-separator has-text-color has-nv-site-bg-color has-css-opacity has-nv-site-bg-background-color has-background\"\/>\n<\/div>\n\n\n\n<div id=\"wp-block-themeisle-blocks-advanced-column-43c95925\" class=\"wp-block-themeisle-blocks-advanced-column has-light-bg\">\n<h2 id=\"wp-block-themeisle-blocks-advanced-heading-0d527ed7\" class=\"wp-block-themeisle-blocks-advanced-heading wp-block-themeisle-blocks-advanced-heading-0d527ed7\">20%<\/h2>\n\n\n\n<p id=\"wp-block-themeisle-blocks-advanced-heading-0d2bbf17\" class=\"wp-block-themeisle-blocks-advanced-heading wp-block-themeisle-blocks-advanced-heading-0d2bbf17\">des co\u00fbts plus faibles<\/p>\n\n\n\n<hr class=\"wp-block-separator has-text-color has-nv-site-bg-color has-css-opacity has-nv-site-bg-background-color has-background\"\/>\n<\/div>\n<\/div><\/section>\n<\/div>\n<\/div><\/section>\n\n\n\n<div style=\"height:20px\" aria-hidden=\"true\" class=\"wp-block-spacer\"><\/div>\n\n\n\n<div id=\"wp-block-themeisle-blocks-advanced-columns-954e79ad\" class=\"wp-block-themeisle-blocks-advanced-columns has-4-columns has-desktop-equal-layout has-tablet-equal-layout has-mobile-collapsedRows-layout has-vertical-unset\"><div class=\"wp-block-themeisle-blocks-advanced-columns-overlay\"><\/div><div class=\"innerblocks-wrap\">\n<div id=\"wp-block-themeisle-blocks-advanced-column-9f87845e\" class=\"wp-block-themeisle-blocks-advanced-column\">\n<div id=\"wp-block-themeisle-blocks-font-awesome-icons-a47009d2\" class=\"wp-block-themeisle-blocks-font-awesome-icons\"><span class=\"wp-block-themeisle-blocks-font-awesome-icons-container\"><i class=\"far fa-clock\"><\/i><\/span><\/div>\n\n\n\n<p class=\"has-text-align-center\"><strong><mark style=\"background-color:rgba(0, 0, 0, 0)\" class=\"has-inline-color has-nv-c-2-color\">TEMPS<\/mark><\/strong><br>_________________<br>Gain de temps consid\u00e9rable gr\u00e2ce \u00e0 une dur\u00e9e de construction plus courte pour l'ensemble du projet<br><\/p>\n<\/div>\n\n\n\n<div id=\"wp-block-themeisle-blocks-advanced-column-733f67cb\" class=\"wp-block-themeisle-blocks-advanced-column\">\n<div id=\"wp-block-themeisle-blocks-font-awesome-icons-8a88728a\" class=\"wp-block-themeisle-blocks-font-awesome-icons\"><span class=\"wp-block-themeisle-blocks-font-awesome-icons-container\"><i class=\"fas fa-hand-holding-usd\"><\/i><\/span><\/div>\n\n\n\n<p class=\"has-text-align-center\"><strong><mark style=\"background-color:rgba(0, 0, 0, 0)\" class=\"has-inline-color has-nv-c-2-color\">CO\u00dbTS<\/mark><\/strong><br>_________________<br>Economies de co\u00fbts consid\u00e9rables gr\u00e2ce \u00e0 une construction plus rapide et plus efficace- Utilisation r\u00e9duite de mat\u00e9riaux et de machines<br><\/p>\n<\/div>\n\n\n\n<div id=\"wp-block-themeisle-blocks-advanced-column-03005d05\" class=\"wp-block-themeisle-blocks-advanced-column\">\n<div id=\"wp-block-themeisle-blocks-font-awesome-icons-84a15112\" class=\"wp-block-themeisle-blocks-font-awesome-icons\"><span class=\"wp-block-themeisle-blocks-font-awesome-icons-container\"><i class=\"fas fa-calendar-alt\"><\/i><\/span><\/div>\n\n\n\n<p class=\"has-text-align-center\"><strong><mark style=\"background-color:rgba(0, 0, 0, 0)\" class=\"has-inline-color has-nv-c-2-color\">DURABILIT\u00c9<\/mark><\/strong><br>_________________<br>Augmentation de la capacit\u00e9 portante + Augmentation du module de rigidit\u00e9 + Augmentation de l'\u00e9lasticit\u00e9 + R\u00e9sistance totale au gel<\/p>\n<\/div>\n\n\n\n<div id=\"wp-block-themeisle-blocks-advanced-column-881272fa\" class=\"wp-block-themeisle-blocks-advanced-column\">\n<div id=\"wp-block-themeisle-blocks-font-awesome-icons-d294bc8f\" class=\"wp-block-themeisle-blocks-font-awesome-icons\"><span class=\"wp-block-themeisle-blocks-font-awesome-icons-container\"><i class=\"fas fa-leaf\"><\/i><\/span><\/div>\n\n\n\n<p class=\"has-text-align-center\"><strong><mark style=\"background-color:rgba(0, 0, 0, 0)\" class=\"has-inline-color has-nv-c-2-color\">ENVIRONNEMENT<\/mark><\/strong><br>_________________<br>100% composants naturels. Moins d'\u00e9missions de gaz d'\u00e9chappement gr\u00e2ce \u00e0 la r\u00e9duction des mouvements de mat\u00e9riaux. R\u00e9duction du CO2.<\/p>\n<\/div>\n<\/div><\/div>\n\n\n\n<div style=\"height:100px\" aria-hidden=\"true\" class=\"wp-block-spacer\"><\/div>\n\n\n\n<div class=\"wp-block-group alignfull has-background\" style=\"background-color:#f2f0e9\"><div class=\"wp-block-group__inner-container is-layout-flow wp-block-group-is-layout-flow\">\n<div style=\"height:70px\" aria-hidden=\"true\" class=\"wp-block-spacer\"><\/div>\n\n\n\n<div class=\"wp-block-columns alignwide are-vertically-aligned-center is-layout-flex wp-container-core-columns-is-layout-9d6595d7 wp-block-columns-is-layout-flex\">\n<div class=\"wp-block-column is-layout-flow wp-block-column-is-layout-flow\" style=\"flex-basis:50%\">\n<p class=\"has-text-color\" style=\"color:#000000;font-size:30px;line-height:1.1\"><strong>Qu'est-ce que Underbold ?<\/strong><\/p>\n<\/div>\n\n\n\n<div class=\"wp-block-column is-layout-flow wp-block-column-is-layout-flow\" style=\"flex-basis:50%\">\n<hr class=\"wp-block-separator has-text-color has-css-opacity has-background is-style-wide\" style=\"background-color:#000000;color:#000000\"\/>\n<\/div>\n<\/div>\n\n\n\n<div class=\"wp-block-columns alignwide is-layout-flex wp-container-core-columns-is-layout-9d6595d7 wp-block-columns-is-layout-flex\">\n<div class=\"wp-block-column is-layout-flow wp-block-column-is-layout-flow\"><\/div>\n\n\n\n<div class=\"wp-block-column is-layout-flow wp-block-column-is-layout-flow\">\n<p class=\"has-text-color has-extra-small-font-size\" style=\"color:#000000\">Underbold-POD30 est un produit innovant pour la stabilisation des sols, sp\u00e9cialement con\u00e7u pour la construction de routes et d'autres applications d'infrastructure. Il s'agit d'un mat\u00e9riau respectueux de l'environnement qui, gr\u00e2ce \u00e0 ses propri\u00e9t\u00e9s uniques, permet de stabiliser efficacement les sols, en particulier dans des conditions de terrain difficiles ou instables.<\/p>\n<\/div>\n\n\n\n<div class=\"wp-block-column is-layout-flow wp-block-column-is-layout-flow\">\n<p class=\"has-text-color has-extra-small-font-size\" style=\"color:#000000\">En utilisant Underbold-POD30, les projets de construction b\u00e9n\u00e9ficient d'une solution respectueuse de l'environnement qui tient compte des exigences \u00e9conomiques et \u00e9cologiques de la construction routi\u00e8re moderne.<\/p>\n<\/div>\n<\/div>\n\n\n\n<div style=\"height:40px\" aria-hidden=\"true\" class=\"wp-block-spacer\"><\/div>\n<\/div><\/div>\n\n\n\n<div id=\"wp-block-themeisle-blocks-advanced-columns-3a632c5b\" class=\"wp-block-themeisle-blocks-advanced-columns alignfull has-3-columns has-desktop-equal-layout has-tablet-equal-layout has-mobile-collapsedRows-layout has-vertical-top ticss-c00aadba\"><div class=\"wp-block-themeisle-blocks-advanced-columns-overlay\"><\/div><div class=\"innerblocks-wrap\">\n<div id=\"wp-block-themeisle-blocks-advanced-column-1afaade9\" class=\"wp-block-themeisle-blocks-advanced-column\">\n<div id=\"wp-block-themeisle-blocks-font-awesome-icons-762b1205\" class=\"wp-block-themeisle-blocks-font-awesome-icons\"><span class=\"wp-block-themeisle-blocks-font-awesome-icons-container nan-padding\"><i class=\"fas fa-leaf\"><\/i><\/span><\/div>\n\n\n\n<h2 id=\"wp-block-themeisle-blocks-advanced-heading-dd1eb2f7\" class=\"wp-block-themeisle-blocks-advanced-heading wp-block-themeisle-blocks-advanced-heading-dd1eb2f7\">Nous \u00e9laborons avec vous des solutions parfaites pour vos routes !<\/h2>\n\n\n\n<div class=\"wp-block-buttons is-layout-flex wp-block-buttons-is-layout-flex\"><\/div>\n<\/div>\n\n\n\n<div id=\"wp-block-themeisle-blocks-advanced-column-7ca824fc\" class=\"wp-block-themeisle-blocks-advanced-column\">\n<div class=\"wp-block-group\"><div class=\"wp-block-group__inner-container is-layout-flow wp-block-group-is-layout-flow\"><div class=\"wp-block-image animated slideInLeft delay-100ms slower o-anim-offset-o-anim-offset-0px\">\n<figure class=\"aligncenter size-full is-resized\"><img loading=\"lazy\" decoding=\"async\" width=\"2470\" height=\"1267\" src=\"https:\/\/blueclimateag.ch\/wp-content\/uploads\/2025\/02\/Icon-Schritt-1.png\" alt=\"\" class=\"wp-image-673\" style=\"width:148px;height:auto\" srcset=\"https:\/\/blueclimateag.ch\/wp-content\/uploads\/2025\/02\/Icon-Schritt-1.png 2470w, https:\/\/blueclimateag.ch\/wp-content\/uploads\/2025\/02\/Icon-Schritt-1-300x154.png 300w, https:\/\/blueclimateag.ch\/wp-content\/uploads\/2025\/02\/Icon-Schritt-1-1024x525.png 1024w, https:\/\/blueclimateag.ch\/wp-content\/uploads\/2025\/02\/Icon-Schritt-1-768x394.png 768w, https:\/\/blueclimateag.ch\/wp-content\/uploads\/2025\/02\/Icon-Schritt-1-1536x788.png 1536w, https:\/\/blueclimateag.ch\/wp-content\/uploads\/2025\/02\/Icon-Schritt-1-2048x1051.png 2048w, https:\/\/blueclimateag.ch\/wp-content\/uploads\/2025\/02\/Icon-Schritt-1-18x9.png 18w\" sizes=\"auto, (max-width: 2470px) 100vw, 2470px\" \/><\/figure>\n<\/div>\n\n\n<div style=\"height:30px\" aria-hidden=\"true\" class=\"wp-block-spacer\"><\/div>\n\n\n\n<h3 id=\"wp-block-themeisle-blocks-advanced-heading-bb84b8a8\" class=\"wp-block-themeisle-blocks-advanced-heading wp-block-themeisle-blocks-advanced-heading-bb84b8a8\">1. <strong>Profil provisoire<\/strong><\/h3>\n\n\n\n<p class=\"has-text-align-center\">Nivellement de la surface, \u00e9limination de la couche sup\u00e9rieure organique.<\/p>\n\n\n\n<p><\/p>\n\n\n\n<div class=\"wp-block-group\"><div class=\"wp-block-group__inner-container is-layout-flow wp-block-group-is-layout-flow\"><div class=\"wp-block-image animated slideInLeft delay-100ms slower o-anim-offset-o-anim-offset-0px\">\n<figure class=\"aligncenter size-large is-resized\"><img loading=\"lazy\" decoding=\"async\" width=\"1024\" height=\"583\" src=\"https:\/\/blueclimateag.ch\/wp-content\/uploads\/2025\/02\/Icon-Schritt-3-1024x583.png\" alt=\"\" class=\"wp-image-685\" style=\"width:144px;height:auto\" srcset=\"https:\/\/blueclimateag.ch\/wp-content\/uploads\/2025\/02\/Icon-Schritt-3-1024x583.png 1024w, https:\/\/blueclimateag.ch\/wp-content\/uploads\/2025\/02\/Icon-Schritt-3-300x171.png 300w, https:\/\/blueclimateag.ch\/wp-content\/uploads\/2025\/02\/Icon-Schritt-3-768x437.png 768w, https:\/\/blueclimateag.ch\/wp-content\/uploads\/2025\/02\/Icon-Schritt-3-1536x874.png 1536w, https:\/\/blueclimateag.ch\/wp-content\/uploads\/2025\/02\/Icon-Schritt-3-2048x1166.png 2048w, https:\/\/blueclimateag.ch\/wp-content\/uploads\/2025\/02\/Icon-Schritt-3-18x10.png 18w\" sizes=\"auto, (max-width: 1024px) 100vw, 1024px\" \/><\/figure>\n<\/div>\n\n\n<div style=\"height:30px\" aria-hidden=\"true\" class=\"wp-block-spacer\"><\/div>\n\n\n\n<h3 id=\"wp-block-themeisle-blocks-advanced-heading-29da5aa9\" class=\"wp-block-themeisle-blocks-advanced-heading wp-block-themeisle-blocks-advanced-heading-29da5aa9\">3. distribution<\/h3>\n\n\n\n<p class=\"has-text-align-center\">R\u00e9partition du liant sur la surface.<\/p>\n\n\n\n<div class=\"wp-block-group\"><div class=\"wp-block-group__inner-container is-layout-flow wp-block-group-is-layout-flow\"><div class=\"wp-block-image animated slideInLeft delay-100ms slower o-anim-offset-o-anim-offset-0px\">\n<figure class=\"aligncenter size-large is-resized\"><img loading=\"lazy\" decoding=\"async\" width=\"1024\" height=\"678\" src=\"https:\/\/blueclimateag.ch\/wp-content\/uploads\/2025\/02\/Icon-Schritt-6-1024x678.png\" alt=\"\" class=\"wp-image-688\" style=\"width:142px;height:auto\" srcset=\"https:\/\/blueclimateag.ch\/wp-content\/uploads\/2025\/02\/Icon-Schritt-6-1024x678.png 1024w, https:\/\/blueclimateag.ch\/wp-content\/uploads\/2025\/02\/Icon-Schritt-6-300x199.png 300w, https:\/\/blueclimateag.ch\/wp-content\/uploads\/2025\/02\/Icon-Schritt-6-768x509.png 768w, https:\/\/blueclimateag.ch\/wp-content\/uploads\/2025\/02\/Icon-Schritt-6-1536x1018.png 1536w, https:\/\/blueclimateag.ch\/wp-content\/uploads\/2025\/02\/Icon-Schritt-6-2048x1357.png 2048w, https:\/\/blueclimateag.ch\/wp-content\/uploads\/2025\/02\/Icon-Schritt-6-18x12.png 18w\" sizes=\"auto, (max-width: 1024px) 100vw, 1024px\" \/><\/figure>\n<\/div>\n\n\n<div style=\"height:26px\" aria-hidden=\"true\" class=\"wp-block-spacer\"><\/div>\n\n\n\n<h3 id=\"wp-block-themeisle-blocks-advanced-heading-a86d9dad\" class=\"wp-block-themeisle-blocks-advanced-heading wp-block-themeisle-blocks-advanced-heading-a86d9dad\">5. compression<\/h3>\n\n\n\n<p class=\"has-text-align-center\">Compactage maximal du m\u00e9lange.<\/p>\n<\/div><\/div>\n\n\n\n<p class=\"has-text-align-center\"><\/p>\n\n\n\n<div id=\"wp-block-themeisle-blocks-advanced-columns-81285b7e\" class=\"wp-block-themeisle-blocks-advanced-columns has-1-columns has-desktop-equal-layout has-tablet-equal-layout has-mobile-equal-layout has-vertical-unset\"><div class=\"wp-block-themeisle-blocks-advanced-columns-overlay\"><\/div><div class=\"innerblocks-wrap\">\n<div id=\"wp-block-themeisle-blocks-advanced-column-afec281d\" class=\"wp-block-themeisle-blocks-advanced-column\">\n<div id=\"wp-block-themeisle-blocks-advanced-columns-d2f184e3\" class=\"wp-block-themeisle-blocks-advanced-columns has-1-columns has-desktop-equal-layout has-tablet-equal-layout has-mobile-equal-layout has-vertical-unset\"><div class=\"wp-block-themeisle-blocks-advanced-columns-overlay\"><\/div><div class=\"innerblocks-wrap\">\n<div id=\"wp-block-themeisle-blocks-advanced-column-29985c7a\" class=\"wp-block-themeisle-blocks-advanced-column\"><\/div>\n<\/div><\/div>\n<\/div>\n<\/div><\/div>\n<\/div><\/div>\n<\/div><\/div>\n<\/div>\n\n\n\n<div id=\"wp-block-themeisle-blocks-advanced-column-1a6a4a66\" class=\"wp-block-themeisle-blocks-advanced-column\">\n<div class=\"wp-block-group\"><div class=\"wp-block-group__inner-container is-layout-flow wp-block-group-is-layout-flow\"><div class=\"wp-block-image animated slideInLeft delay-100ms slower o-anim-offset-o-anim-offset-0px\">\n<figure class=\"aligncenter size-large is-resized\"><img loading=\"lazy\" decoding=\"async\" width=\"1024\" height=\"501\" src=\"https:\/\/blueclimateag.ch\/wp-content\/uploads\/2025\/02\/Icon-Schritt-2.1-1024x501.png\" alt=\"\" class=\"wp-image-696\" style=\"width:262px;height:auto\" srcset=\"https:\/\/blueclimateag.ch\/wp-content\/uploads\/2025\/02\/Icon-Schritt-2.1-1024x501.png 1024w, https:\/\/blueclimateag.ch\/wp-content\/uploads\/2025\/02\/Icon-Schritt-2.1-300x147.png 300w, https:\/\/blueclimateag.ch\/wp-content\/uploads\/2025\/02\/Icon-Schritt-2.1-768x376.png 768w, https:\/\/blueclimateag.ch\/wp-content\/uploads\/2025\/02\/Icon-Schritt-2.1-1536x751.png 1536w, https:\/\/blueclimateag.ch\/wp-content\/uploads\/2025\/02\/Icon-Schritt-2.1-2048x1002.png 2048w, https:\/\/blueclimateag.ch\/wp-content\/uploads\/2025\/02\/Icon-Schritt-2.1-18x9.png 18w\" sizes=\"auto, (max-width: 1024px) 100vw, 1024px\" \/><\/figure>\n<\/div>\n\n\n<div style=\"height:30px\" aria-hidden=\"true\" class=\"wp-block-spacer\"><\/div>\n\n\n\n<h3 id=\"wp-block-themeisle-blocks-advanced-heading-4ded88e0\" class=\"wp-block-themeisle-blocks-advanced-heading wp-block-themeisle-blocks-advanced-heading-4ded88e0\">2. interf\u00e9rence<\/h3>\n\n\n\n<p class=\"has-text-align-center\">M\u00e9lange de l'\u00e9mulsion UNDERBOLD-POD30. Broyage et m\u00e9lange du sol avec l'\u00e9mulsion UNDERBOLD-POD30 et de l'eau. Profilage pr\u00e9liminaire.<\/p>\n\n\n\n<div class=\"wp-block-group\"><div class=\"wp-block-group__inner-container is-layout-flow wp-block-group-is-layout-flow\"><div class=\"wp-block-image animated slideInLeft delay-100ms slower o-anim-offset-o-anim-offset-0px\">\n<figure class=\"aligncenter size-large is-resized\"><img loading=\"lazy\" decoding=\"async\" width=\"1024\" height=\"549\" src=\"https:\/\/blueclimateag.ch\/wp-content\/uploads\/2025\/02\/Icon-Schritt-2-1024x549.png\" alt=\"\" class=\"wp-image-692\" style=\"width:140px;height:auto\" srcset=\"https:\/\/blueclimateag.ch\/wp-content\/uploads\/2025\/02\/Icon-Schritt-2-1024x549.png 1024w, https:\/\/blueclimateag.ch\/wp-content\/uploads\/2025\/02\/Icon-Schritt-2-300x161.png 300w, https:\/\/blueclimateag.ch\/wp-content\/uploads\/2025\/02\/Icon-Schritt-2-768x412.png 768w, https:\/\/blueclimateag.ch\/wp-content\/uploads\/2025\/02\/Icon-Schritt-2-1536x823.png 1536w, https:\/\/blueclimateag.ch\/wp-content\/uploads\/2025\/02\/Icon-Schritt-2-2048x1097.png 2048w, https:\/\/blueclimateag.ch\/wp-content\/uploads\/2025\/02\/Icon-Schritt-2-18x10.png 18w\" sizes=\"auto, (max-width: 1024px) 100vw, 1024px\" \/><\/figure>\n<\/div>\n\n\n<div style=\"height:30px\" aria-hidden=\"true\" class=\"wp-block-spacer\"><\/div>\n\n\n\n<h3 id=\"wp-block-themeisle-blocks-advanced-heading-b45a7c51\" class=\"wp-block-themeisle-blocks-advanced-heading wp-block-themeisle-blocks-advanced-heading-b45a7c51\">4. m\u00e9lange<\/h3>\n\n\n\n<p class=\"has-text-align-center\">M\u00e9lange du sol avec le liant.<br><\/p>\n\n\n\n<div class=\"wp-block-group\"><div class=\"wp-block-group__inner-container is-layout-flow wp-block-group-is-layout-flow\"><div class=\"wp-block-image animated slideInLeft delay-100ms slower o-anim-offset-o-anim-offset-0px\">\n<figure class=\"aligncenter size-large is-resized\"><img loading=\"lazy\" decoding=\"async\" width=\"1024\" height=\"525\" src=\"https:\/\/blueclimateag.ch\/wp-content\/uploads\/2025\/02\/Icon-Schritt-1-1024x525.png\" alt=\"\" class=\"wp-image-673\" style=\"width:144px;height:auto\" srcset=\"https:\/\/blueclimateag.ch\/wp-content\/uploads\/2025\/02\/Icon-Schritt-1-1024x525.png 1024w, https:\/\/blueclimateag.ch\/wp-content\/uploads\/2025\/02\/Icon-Schritt-1-300x154.png 300w, https:\/\/blueclimateag.ch\/wp-content\/uploads\/2025\/02\/Icon-Schritt-1-768x394.png 768w, https:\/\/blueclimateag.ch\/wp-content\/uploads\/2025\/02\/Icon-Schritt-1-1536x788.png 1536w, https:\/\/blueclimateag.ch\/wp-content\/uploads\/2025\/02\/Icon-Schritt-1-2048x1051.png 2048w, https:\/\/blueclimateag.ch\/wp-content\/uploads\/2025\/02\/Icon-Schritt-1-18x9.png 18w\" sizes=\"auto, (max-width: 1024px) 100vw, 1024px\" \/><\/figure>\n<\/div>\n\n\n<div style=\"height:23px\" aria-hidden=\"true\" class=\"wp-block-spacer\"><\/div>\n\n\n\n<h3 id=\"wp-block-themeisle-blocks-advanced-heading-366f3def\" class=\"wp-block-themeisle-blocks-advanced-heading wp-block-themeisle-blocks-advanced-heading-366f3def\">6. profilage final<\/h3>\n\n\n\n<p class=\"has-text-align-center\">Profilage final de la pente souhait\u00e9e.<\/p>\n<\/div><\/div>\n\n\n\n<p class=\"has-text-align-center\"><\/p>\n<\/div><\/div>\n<\/div><\/div>\n<\/div>\n<\/div><\/div>\n\n\n\n<div id=\"wp-block-themeisle-blocks-advanced-columns-828ea924\" class=\"wp-block-themeisle-blocks-advanced-columns has-2-columns has-desktop-equal-layout has-tablet-equal-layout has-mobile-collapsedRows-layout has-vertical-unset\"><div class=\"wp-block-themeisle-blocks-advanced-columns-overlay\"><\/div><div class=\"innerblocks-wrap\">\n<div id=\"wp-block-themeisle-blocks-advanced-column-509f9f3d\" class=\"wp-block-themeisle-blocks-advanced-column\">\n<h3 class=\"wp-block-heading\">Caract\u00e9ristiques techniques<br>_____<\/h3>\n\n\n\n<ul class=\"wp-block-list\">\n<li>Augmentation de la capacit\u00e9 de charge<\/li>\n\n\n\n<li>Augmentation du mod\u00e8le de rayures<\/li>\n\n\n\n<li>Augmentation de l'\u00e9lasticit\u00e9<\/li>\n\n\n\n<li>r\u00e9duction du temps de prise en dehors de la p\u00e9riode de traitement<\/li>\n\n\n\n<li>r\u00e9duction de la tendance au r\u00e9tr\u00e9cissement, donc pratiquement pas de formation de fissures<\/li>\n\n\n\n<li>Pas de transfert de charge des r\u00e9actions de prise dans les couches superpos\u00e9es<\/li>\n\n\n\n<li>Pas d'encoche ou de d\u00e9tente n\u00e9cessaire<\/li>\n\n\n\n<li>Augmentation de la stabilit\u00e9 dimensionnelle dans la section transversale<\/li>\n\n\n\n<li>Prise hydrophobe et r\u00e9duction de la profondeur de p\u00e9n\u00e9tration de l'eau<\/li>\n\n\n\n<li>r\u00e9duction des micropores et de l'effet de capillarit\u00e9<\/li>\n\n\n\n<li>Protection totale contre le gel<\/li>\n\n\n\n<li>Utilisation adaptable en fonction de la nature du sol et de la teneur en eau<\/li>\n\n\n\n<li>Combinable et extensible avec des mesures d'am\u00e9lioration et de renforcement du support de construction<\/li>\n\n\n\n<li>Pr\u00e9vention totale de la migration de polluants \u00e0 partir des sols trait\u00e9s et des couches de surface pollu\u00e9es<\/li>\n\n\n\n<li>Rend tout mat\u00e9riau terreux agglom\u00e9rable<\/li>\n<\/ul>\n<\/div>\n\n\n\n<div id=\"wp-block-themeisle-blocks-advanced-column-c084a997\" class=\"wp-block-themeisle-blocks-advanced-column\">\n<h3 class=\"wp-block-heading\">Caract\u00e9ristiques \u00e9conomiques<br>_____<\/h3>\n\n\n\n<ul class=\"wp-block-list\">\n<li>Gain de temps consid\u00e9rable gr\u00e2ce \u00e0 une dur\u00e9e de construction plus courte de l'ensemble du produit<\/li>\n\n\n\n<li>R\u00e9duction des couches de la superstructure li\u00e9e \u00e0 des \u00e9paisseurs de couches r\u00e9fl\u00e9chissant la charge en fonction de l'intensit\u00e9 du trafic<\/li>\n\n\n\n<li>R\u00e9duction des besoins en ciment en tenant compte des exigences en mati\u00e8re de capacit\u00e9 portante<\/li>\n\n\n\n<li>Dur\u00e9e de vie prolong\u00e9e<\/li>\n\n\n\n<li>Co\u00fbts d'entretien r\u00e9duits<\/li>\n\n\n\n<li>R\u00e9duire ou \u00e9viter les mouvements de terrain en dehors des ajustements de gradient<\/li>\n\n\n\n<li>Suppression des taxes de mise en d\u00e9charge et d'\u00e9limination des d\u00e9chets en dehors des adaptations de gradient<\/li>\n\n\n\n<li>R\u00e9duction de l'influence sur la circulation fluide<\/li>\n<\/ul>\n<\/div>\n<\/div><\/div>","protected":false},"excerpt":{"rendered":"<p>Qu'est-ce que Underbold ? Underbold-POD30 est un produit innovant pour la stabilisation des sols, sp\u00e9cialement con\u00e7u pour la construction de routes et d'autres applications d'infrastructure. Il s'agit d'un mat\u00e9riau respectueux de l'environnement qui, gr\u00e2ce \u00e0 ses propri\u00e9t\u00e9s uniques, permet de stabiliser efficacement les sols, en particulier dans des conditions de terrain difficiles ou instables. En utilisant Underbold-POD30, les projets de construction b\u00e9n\u00e9ficient d'une solution respectueuse de l'environnement,...&nbsp;<a href=\"https:\/\/blueclimateag.ch\/fr\/underbold\/\" rel=\"bookmark\">Read More \u00bb<span class=\"screen-reader-text\">Underbold<\/span><\/a><\/p>","protected":false},"author":2,"featured_media":0,"parent":0,"menu_order":0,"comment_status":"closed","ping_status":"closed","template":"","meta":{"neve_meta_sidebar":"full-width","neve_meta_container":"contained","neve_meta_enable_content_width":"on","neve_meta_content_width":100,"neve_meta_title_alignment":"","neve_meta_author_avatar":"","neve_post_elements_order":"","neve_meta_disable_header":"","neve_meta_disable_footer":"","neve_meta_disable_title":"on","neve_meta_reading_time":"","_themeisle_gutenberg_block_has_review":false,"footnotes":""},"class_list":["post-408","page","type-page","status-publish","hentry"],"_links":{"self":[{"href":"https:\/\/blueclimateag.ch\/fr\/wp-json\/wp\/v2\/pages\/408","targetHints":{"allow":["GET"]}}],"collection":[{"href":"https:\/\/blueclimateag.ch\/fr\/wp-json\/wp\/v2\/pages"}],"about":[{"href":"https:\/\/blueclimateag.ch\/fr\/wp-json\/wp\/v2\/types\/page"}],"author":[{"embeddable":true,"href":"https:\/\/blueclimateag.ch\/fr\/wp-json\/wp\/v2\/users\/2"}],"replies":[{"embeddable":true,"href":"https:\/\/blueclimateag.ch\/fr\/wp-json\/wp\/v2\/comments?post=408"}],"version-history":[{"count":39,"href":"https:\/\/blueclimateag.ch\/fr\/wp-json\/wp\/v2\/pages\/408\/revisions"}],"predecessor-version":[{"id":861,"href":"https:\/\/blueclimateag.ch\/fr\/wp-json\/wp\/v2\/pages\/408\/revisions\/861"}],"wp:attachment":[{"href":"https:\/\/blueclimateag.ch\/fr\/wp-json\/wp\/v2\/media?parent=408"}],"curies":[{"name":"wp","href":"https:\/\/api.w.org\/{rel}","templated":true}]}}