{"id":308,"date":"2020-01-23T18:21:52","date_gmt":"2020-01-23T18:21:52","guid":{"rendered":"https:\/\/demosites.io\/web-agency-gb\/?page_id=61"},"modified":"2025-10-22T10:01:06","modified_gmt":"2025-10-22T10:01:06","slug":"15c42-web-agency-gb-chi-siamo","status":"publish","type":"page","link":"https:\/\/blueclimateag.ch\/it\/15c42-web-agency-gb-about-us\/","title":{"rendered":"L'azienda"},"content":{"rendered":"<div id=\"wp-block-themeisle-blocks-advanced-columns-678cc482\" class=\"wp-block-themeisle-blocks-advanced-columns alignfull has-1-columns has-desktop-equal-layout has-tablet-equal-layout has-mobile-collapsedRows-layout has-reverse-columns-mobile has-vertical-bottom ticss-c00aadba\"><div class=\"wp-block-themeisle-blocks-advanced-columns-overlay\"><\/div><div class=\"innerblocks-wrap\">\n<div id=\"wp-block-themeisle-blocks-advanced-column-4d412c51\" class=\"wp-block-themeisle-blocks-advanced-column\">\n<h2 id=\"wp-block-themeisle-blocks-advanced-heading-fb3c7a39\" class=\"wp-block-themeisle-blocks-advanced-heading wp-block-themeisle-blocks-advanced-heading-fb3c7a39\">       L'azienda<\/h2>\n\n\n\n<p class=\"has-text-align-center has-text-color\" style=\"color:#fefefe\">________<\/p>\n\n\n\n<div class=\"wp-block-buttons is-content-justification-center is-layout-flex wp-container-core-buttons-is-layout-16018d1d wp-block-buttons-is-layout-flex\"><\/div>\n<\/div>\n<\/div><\/div>\n\n\n\n<div style=\"height:100px\" aria-hidden=\"true\" class=\"wp-block-spacer\"><\/div>\n\n\n\n<div class=\"wp-block-columns is-layout-flex wp-container-core-columns-is-layout-9d6595d7 wp-block-columns-is-layout-flex\">\n<div class=\"wp-block-column is-layout-flow wp-block-column-is-layout-flow\">\n<h3 class=\"wp-block-heading\">LA NOSTRA MISSIONE<\/h3>\n<\/div>\n\n\n\n<div class=\"wp-block-column is-layout-flow wp-block-column-is-layout-flow\">\n<p>La nostra missione \u00e8 rendere la costruzione di strade e la stabilizzazione del suolo adatte al futuro, con soluzioni di altissima qualit\u00e0 e di lunga durata, con una chiara attenzione all'ambiente e all'efficienza dei costi. Ci affidiamo a materiali e processi innovativi ed ecologici che non solo massimizzano la durata dei nostri progetti, ma riducono anche in modo significativo le emissioni di CO\u2082.<br>Il nostro obiettivo \u00e8 realizzare progetti di costruzione in modo pi\u00f9 efficiente ed economico, senza compromettere la qualit\u00e0 e la sostenibilit\u00e0. Con questa missione, contribuiamo attivamente allo sviluppo di un'infrastruttura resiliente e rispettosa dell'ambiente, in grado di soddisfare le esigenze di oggi e le sfide di domani.<\/p>\n\n\n\n<div id=\"wp-block-themeisle-blocks-button-group-4310b455\" class=\"wp-block-themeisle-blocks-button-group wp-block-buttons align-center-desktop\">\n<div id=\"wp-block-themeisle-blocks-button-c5bb3a25\" class=\"wp-block-themeisle-blocks-button wp-block-button\"><a href=\"https:\/\/blueclimateag.ch\/it\/principi\/\" target=\"_self\" rel=\"noopener noreferrer\" class=\"wp-block-button__link\"><span>I nostri principi<\/span><\/a><\/div>\n<\/div>\n<\/div>\n<\/div>\n\n\n\n<div style=\"height:100px\" aria-hidden=\"true\" class=\"wp-block-spacer\"><\/div>\n\n\n\n<h3 class=\"wp-block-heading has-text-align-center\">I nostri partner<\/h3>\n\n\n\n<div class=\"wp-block-columns is-layout-flex wp-container-core-columns-is-layout-9d6595d7 wp-block-columns-is-layout-flex\">\n<div class=\"wp-block-column is-layout-flow wp-block-column-is-layout-flow\"><div class=\"wp-block-image\">\n<figure class=\"aligncenter size-full\"><a href=\"https:\/\/www.underbold-pod30.de\/\"><img loading=\"lazy\" decoding=\"async\" width=\"365\" height=\"186\" src=\"https:\/\/blueclimateag.ch\/wp-content\/uploads\/2025\/02\/Logo-ggt_page_1-edited.webp\" alt=\"\" class=\"wp-image-652\" srcset=\"https:\/\/blueclimateag.ch\/wp-content\/uploads\/2025\/02\/Logo-ggt_page_1-edited.webp 365w, https:\/\/blueclimateag.ch\/wp-content\/uploads\/2025\/02\/Logo-ggt_page_1-edited-300x153.webp 300w, https:\/\/blueclimateag.ch\/wp-content\/uploads\/2025\/02\/Logo-ggt_page_1-edited-18x9.webp 18w\" sizes=\"auto, (max-width: 365px) 100vw, 365px\" \/><\/a><\/figure>\n<\/div>\n\n\n<div style=\"height:26px\" aria-hidden=\"true\" class=\"wp-block-spacer\"><\/div>\n\n\n\n<p>Il&nbsp;<strong>Tedesco GreenTec ECOLOGIC GmbH<\/strong>&nbsp;pu\u00f2 essere descritta come un partner commerciale innovativo e sostenibile, specializzato in tecnologie e soluzioni ecologiche. Ecco alcuni elementi chiave che caratterizzano l'azienda:<\/p>\n\n\n\n<ul class=\"wp-block-list\">\n<li><strong>Sostenibilit\u00e0:<\/strong><br><br>German GreenTec si impegna a rispettare i principi ecologici e sviluppa prodotti che contribuiscono a ridurre l'impronta ecologica. L'attenzione alle pratiche e alle tecnologie sostenibili \u00e8 fondamentale per il suo orientamento commerciale.<\/li>\n<\/ul>\n\n\n\n<ul class=\"wp-block-list\">\n<li><strong>Innovazione: <\/strong><br><br>L'azienda si impegna a integrare le tecnologie e le soluzioni pi\u00f9 recenti per offrire prodotti ecologici. Ci\u00f2 si riflette nella ricerca e nello sviluppo, che mirano a migliorare le tecnologie esistenti.<\/li>\n<\/ul>\n\n\n\n<ul class=\"wp-block-list\">\n<li><strong>Competenze:<\/strong><br><br>La tedesca GreenTec ha una vasta conoscenza e competenza nei settori della stabilizzazione del suolo, della costruzione di strade, della conservazione delle risorse e dei processi ecologici. Ci\u00f2 la rende un partner prezioso per le aziende che vogliono raggiungere i loro obiettivi ecologici.<\/li>\n<\/ul>\n\n\n\n<ul class=\"wp-block-list\">\n<li><strong>Cooperazione:<\/strong><br><br>L'azienda attribuisce grande importanza al lavoro in partnership e promuove la cooperazione con aziende, istituzioni e organizzazioni per sviluppare insieme soluzioni sostenibili.<\/li>\n<\/ul>\n\n\n\n<p>Nel complesso, la tedesca GreenTec ECOLOGIC GmbH \u00e8 un partner prezioso per noi, che pone la sostenibilit\u00e0 e l'innovazione al centro delle sue attivit\u00e0 commerciali.<\/p>\n<\/div>\n\n\n\n<div class=\"wp-block-column is-layout-flow wp-block-column-is-layout-flow\">\n<div class=\"wp-block-group\"><div class=\"wp-block-group__inner-container is-layout-constrained wp-block-group-is-layout-constrained\"><div class=\"wp-block-image\">\n<figure class=\"aligncenter size-full\"><a href=\"https:\/\/www.amag.de\/\"><img loading=\"lazy\" decoding=\"async\" width=\"727\" height=\"225\" src=\"https:\/\/blueclimateag.ch\/wp-content\/uploads\/2025\/01\/Logo-amag-gmbh6223d895.png\" alt=\"\" class=\"wp-image-497\" srcset=\"https:\/\/blueclimateag.ch\/wp-content\/uploads\/2025\/01\/Logo-amag-gmbh6223d895.png 727w, https:\/\/blueclimateag.ch\/wp-content\/uploads\/2025\/01\/Logo-amag-gmbh6223d895-300x93.png 300w\" sizes=\"auto, (max-width: 727px) 100vw, 727px\" \/><\/a><\/figure>\n<\/div>\n\n\n<div style=\"height:96px\" aria-hidden=\"true\" class=\"wp-block-spacer\"><\/div>\n<\/div><\/div>\n\n\n\n<p>Il&nbsp;<strong>amag GmbH<\/strong>&nbsp;pu\u00f2 essere descritto come un partner commerciale dinamico e affidabile, specializzato in prodotti e servizi di alta qualit\u00e0. Ecco alcuni elementi chiave che caratterizzano l'azienda:<\/p>\n\n\n\n<ul class=\"wp-block-list\">\n<li><strong>Qualit\u00e0 e affidabilit\u00e0:<\/strong><br><br>amag GmbH attribuisce grande importanza alla qualit\u00e0 dei suoi prodotti e servizi. \u00c8 nota per i suoi veicoli da costruzione unici che soddisfano le esigenze dei clienti.<\/li>\n<\/ul>\n\n\n\n<ul class=\"wp-block-list\">\n<li><strong>Soluzioni personalizzate:<\/strong><br><br>L'azienda offre soluzioni personalizzate che si adattano alle esigenze specifiche dei suoi clienti. Ci\u00f2 dimostra il suo impegno a superare le aspettative dei clienti e a soddisfare le esigenze individuali.<\/li>\n<\/ul>\n\n\n\n<ul class=\"wp-block-list\">\n<li><strong>Innovazione:<\/strong><br><br>amag GmbH si impegna a perseguire approcci innovativi e a integrare nuove tecnologie per migliorare continuamente i propri prodotti e servizi. Questo rafforza la sua posizione nel settore.<\/li>\n<\/ul>\n\n\n\n<ul class=\"wp-block-list\">\n<li><strong>Competenze:<\/strong><br><br>L'azienda dispone di una profonda competenza nel campo delle macchine edili e pu\u00f2 contare su un'esperienza pluriennale. Ci\u00f2 consente di offrire consulenza e assistenza competenti.<\/li>\n<\/ul>\n\n\n\n<ul class=\"wp-block-list\">\n<li><strong>Impegno per la sostenibilit\u00e0:<\/strong><br><br>amag GmbH \u00e8 sempre pi\u00f9 impegnata in pratiche e soluzioni sostenibili, che stanno diventando sempre pi\u00f9 importanti nel mondo degli affari di oggi. L'attenzione per gli approcci ecologici \u00e8 un vantaggio per le aziende che apprezzano la sostenibilit\u00e0.<\/li>\n<\/ul>\n\n\n\n<p>Nel complesso, amag GmbH \u00e8 per noi un partner prezioso, che convince per la qualit\u00e0, l'innovazione e le soluzioni personalizzate ed \u00e8 caratterizzato da un forte impegno per la soddisfazione del cliente.<\/p>\n<\/div>\n\n\n\n<div class=\"wp-block-column is-layout-flow wp-block-column-is-layout-flow\">\n<h2 class=\"wp-block-heading alignfull has-text-align-center\"><mark style=\"background-color:rgba(0, 0, 0, 0)\" class=\"has-inline-color has-nv-c-1-color\">TWARON-FI\u00ae <\/mark><br><mark style=\"background-color:rgba(0, 0, 0, 0)\" class=\"has-inline-color has-nv-c-1-color\">Fibre<\/mark><\/h2>\n\n\n\n<div style=\"height:58px\" aria-hidden=\"true\" class=\"wp-block-spacer\"><\/div>\n\n\n\n<p>Un additivo con molti vantaggi.<br><strong>TWARON-FI\u00ae<\/strong> \u00e8 una miscela di fibre sintetiche di aramide e poliolefine con una lunghezza di circa 18 mm, utilizzata come rinforzo tridimensionale in leganti e\/o superfici.<br><strong>TWARON-FI\u00ae<\/strong> ponti e riduce significativamente le fessurazioni termiche e quelle causate dalla fatica del materiale. Inoltre, la formazione di solchi \u00e8 drasticamente ridotta grazie alla maggiore resistenza della miscela alla deformazione permanente.<br>Gi\u00e0 solo per queste propriet\u00e0, la vita utile dell'asfalto modificato con TWARON-FI\u00ae \u00e8 superiore di circa 50 % rispetto a quella delle miscele convenzionali.<br>Le fibre aramidiche non si sciolgono quando la miscela \u00e8 calda e sono note per la loro elevata resistenza alla trazione e durata alle alte e basse temperature.<\/p>\n<\/div>\n<\/div>\n\n\n\n<div class=\"wp-block-columns is-layout-flex wp-container-core-columns-is-layout-9d6595d7 wp-block-columns-is-layout-flex\">\n<div class=\"wp-block-column is-layout-flow wp-block-column-is-layout-flow\">\n<h2 class=\"wp-block-heading alignfull has-text-align-center\"><mark style=\"background-color:rgba(0, 0, 0, 0)\" class=\"has-inline-color has-nv-c-1-color\">Dustex\u00ae<\/mark><\/h2>\n\n\n\n<div style=\"height:75px\" aria-hidden=\"true\" class=\"wp-block-spacer\"><\/div>\n\n\n\n<p><strong>Rilegatrice resistente per applicazioni di rilegatura a polvere<\/strong><\/p>\n\n\n\n<p>Dustex\u00ae \u00e8 un legante economico, ecologico e non corrosivo per applicazioni di controllo della polvere e dell'erosione:<\/p>\n\n\n\n<ul class=\"wp-block-list\">\n<li>Strade sterrate<\/li>\n<\/ul>\n\n\n\n<ul class=\"wp-block-list\">\n<li>Strade agricole<\/li>\n<\/ul>\n\n\n\n<ul class=\"wp-block-list\">\n<li>Strade minerarie<\/li>\n<\/ul>\n\n\n\n<ul class=\"wp-block-list\">\n<li>Scorte<\/li>\n<\/ul>\n\n\n\n<ul class=\"wp-block-list\">\n<li>Aree agricole (cantieri, cave, parcheggi, parchi solari, ecc.)<\/li>\n<\/ul>\n\n\n\n<ul class=\"wp-block-list\">\n<li>Tempo libero (piste ciclabili, piste motoristiche, maneggi, ecc.)<\/li>\n<\/ul>\n\n\n\n<p>Dustex \u00e8 biobased e si ottiene dalla lignina, il legante naturale delle fibre di legno degli alberi. Il prodotto ha ottenuto il marchio \"Certified Biobased Product\" dal Dipartimento dell'Agricoltura degli Stati Uniti (USDA).<\/p>\n\n\n\n<p>Buone misure di protezione dalla polvere e dall'erosione riducono i costi di manutenzione e di esercizio, migliorano la sicurezza e proteggono la salute dei dipendenti.<\/p>\n<\/div>\n\n\n\n<div class=\"wp-block-column is-layout-flow wp-block-column-is-layout-flow\"><div class=\"wp-block-image\">\n<figure class=\"aligncenter size-full is-resized\"><img loading=\"lazy\" decoding=\"async\" width=\"1600\" height=\"290\" src=\"https:\/\/blueclimateag.ch\/wp-content\/uploads\/2025\/08\/IMG-20250819-WA0010.jpg\" alt=\"\" class=\"wp-image-853\" style=\"width:274px;height:auto\" srcset=\"https:\/\/blueclimateag.ch\/wp-content\/uploads\/2025\/08\/IMG-20250819-WA0010.jpg 1600w, https:\/\/blueclimateag.ch\/wp-content\/uploads\/2025\/08\/IMG-20250819-WA0010-300x54.jpg 300w, https:\/\/blueclimateag.ch\/wp-content\/uploads\/2025\/08\/IMG-20250819-WA0010-1024x186.jpg 1024w, https:\/\/blueclimateag.ch\/wp-content\/uploads\/2025\/08\/IMG-20250819-WA0010-768x139.jpg 768w, https:\/\/blueclimateag.ch\/wp-content\/uploads\/2025\/08\/IMG-20250819-WA0010-1536x278.jpg 1536w, https:\/\/blueclimateag.ch\/wp-content\/uploads\/2025\/08\/IMG-20250819-WA0010-18x3.jpg 18w\" sizes=\"auto, (max-width: 1600px) 100vw, 1600px\" \/><\/figure>\n<\/div>\n\n\n<div style=\"height:112px\" aria-hidden=\"true\" class=\"wp-block-spacer\"><\/div>\n\n\n\n<p><strong>Africa Emergence Service Sarl (AES)<\/strong> \u00e8 un'azienda dinamica con sede a Ouagadougou, in Burkina Faso. Con una solida base e un capitale sociale di 10.000.000 FCFA, AES offre servizi e soluzioni innovative orientate alla crescita e allo sviluppo sostenibile. Sotto la guida del Direttore Generale Abdoul Aziz Josu\u00e9 Bonkoungou, l'azienda combina le competenze locali con una prospettiva internazionale per creare valore aggiunto per i partner, i clienti e le comunit\u00e0.<\/p>\n<\/div>\n<\/div>\n\n\n\n\n\n<div id=\"wp-block-themeisle-blocks-advanced-columns-d87d87fb\" class=\"wp-block-themeisle-blocks-advanced-columns alignfull has-1-columns has-desktop-equal-layout has-tablet-equal-layout has-mobile-collapsedRows-layout has-vertical-center ticss-c00aadba\"><div class=\"wp-block-themeisle-blocks-advanced-columns-overlay\"><\/div><div class=\"innerblocks-wrap\">\n<div id=\"wp-block-themeisle-blocks-advanced-column-60dad16e\" class=\"wp-block-themeisle-blocks-advanced-column\">\n<div id=\"wp-block-themeisle-blocks-advanced-columns-d2e20cf0\" class=\"wp-block-themeisle-blocks-advanced-columns has-1-columns has-desktop-equal-layout has-tablet-equal-layout has-mobile-equal-layout has-vertical-center\"><div class=\"wp-block-themeisle-blocks-advanced-columns-overlay\"><\/div><div class=\"innerblocks-wrap\">\n<div id=\"wp-block-themeisle-blocks-advanced-column-05d18d48\" class=\"wp-block-themeisle-blocks-advanced-column\">\n<h2 id=\"wp-block-themeisle-blocks-advanced-heading-a0f1691e\" class=\"wp-block-themeisle-blocks-advanced-heading wp-block-themeisle-blocks-advanced-heading-a0f1691e\"><strong><strong>CONOSCERE IL NOSTRO TEAM<\/strong><\/strong> <\/h2>\n<\/div>\n<\/div><\/div>\n\n\n\n<div id=\"wp-block-themeisle-blocks-advanced-columns-be71e345\" class=\"wp-block-themeisle-blocks-advanced-columns has-4-columns has-desktop-equal-layout has-tablet-twoColumnGrid-layout has-mobile-collapsedRows-layout has-vertical-top\"><div class=\"wp-block-themeisle-blocks-advanced-columns-overlay\"><\/div><div class=\"innerblocks-wrap\">\n<div id=\"wp-block-themeisle-blocks-advanced-column-e373838a\" class=\"wp-block-themeisle-blocks-advanced-column\"><div class=\"wp-block-image is-style-rounded\">\n<figure class=\"aligncenter size-full is-resized\"><img loading=\"lazy\" decoding=\"async\" width=\"590\" height=\"836\" src=\"https:\/\/blueclimateag.ch\/wp-content\/uploads\/2025\/10\/Robert-19.png\" alt=\"\" class=\"wp-image-878\" style=\"width:180px;height:181px\" srcset=\"https:\/\/blueclimateag.ch\/wp-content\/uploads\/2025\/10\/Robert-19.png 590w, https:\/\/blueclimateag.ch\/wp-content\/uploads\/2025\/10\/Robert-19-212x300.png 212w, https:\/\/blueclimateag.ch\/wp-content\/uploads\/2025\/10\/Robert-19-8x12.png 8w\" sizes=\"auto, (max-width: 590px) 100vw, 590px\" \/><\/figure>\n<\/div>\n\n\n<h3 id=\"wp-block-themeisle-blocks-advanced-heading-a0f377e3\" class=\"wp-block-themeisle-blocks-advanced-heading wp-block-themeisle-blocks-advanced-heading-a0f377e3\">Robert Steinmann<\/h3>\n\n\n\n<p class=\"has-text-align-center\"><strong>AMMINISTRATORE DELEGATO<\/strong><\/p>\n\n\n\n<p class=\"has-text-align-center\">Amministratore delegato e fondatore dell'azienda<\/p>\n<\/div>\n\n\n\n<div id=\"wp-block-themeisle-blocks-advanced-column-956fcf84\" class=\"wp-block-themeisle-blocks-advanced-column\"><div class=\"wp-block-image is-style-rounded\">\n<figure class=\"aligncenter size-full is-resized\"><img loading=\"lazy\" decoding=\"async\" width=\"1888\" height=\"2027\" src=\"https:\/\/blueclimateag.ch\/wp-content\/uploads\/2025\/08\/20250325_Friedrich_Steck_Transparent-1-scaled-e1755160981557.png\" alt=\"\" class=\"wp-image-837\" style=\"width:180px;height:181px\" srcset=\"https:\/\/blueclimateag.ch\/wp-content\/uploads\/2025\/08\/20250325_Friedrich_Steck_Transparent-1-scaled-e1755160981557.png 1888w, https:\/\/blueclimateag.ch\/wp-content\/uploads\/2025\/08\/20250325_Friedrich_Steck_Transparent-1-scaled-e1755160981557-279x300.png 279w, https:\/\/blueclimateag.ch\/wp-content\/uploads\/2025\/08\/20250325_Friedrich_Steck_Transparent-1-scaled-e1755160981557-954x1024.png 954w, https:\/\/blueclimateag.ch\/wp-content\/uploads\/2025\/08\/20250325_Friedrich_Steck_Transparent-1-scaled-e1755160981557-768x825.png 768w, https:\/\/blueclimateag.ch\/wp-content\/uploads\/2025\/08\/20250325_Friedrich_Steck_Transparent-1-scaled-e1755160981557-1431x1536.png 1431w, https:\/\/blueclimateag.ch\/wp-content\/uploads\/2025\/08\/20250325_Friedrich_Steck_Transparent-1-scaled-e1755160981557-11x12.png 11w\" sizes=\"auto, (max-width: 1888px) 100vw, 1888px\" \/><\/figure>\n<\/div>\n\n\n<h3 id=\"wp-block-themeisle-blocks-advanced-heading-16fc6df3\" class=\"wp-block-themeisle-blocks-advanced-heading wp-block-themeisle-blocks-advanced-heading-16fc6df3\">Friedrich Steck<\/h3>\n\n\n\n<p class=\"has-text-align-center\"><strong>CTO<\/strong><\/p>\n\n\n\n<p class=\"has-text-align-center\">Consulente tecnico e direttore di cantiere<br><\/p>\n<\/div>\n\n\n\n<div id=\"wp-block-themeisle-blocks-advanced-column-7e32a82b\" class=\"wp-block-themeisle-blocks-advanced-column\">\n<div class=\"wp-block-group is-nowrap is-layout-flex wp-container-core-group-is-layout-ad2f72ca wp-block-group-is-layout-flex\"><div class=\"wp-block-image is-style-rounded\">\n<figure class=\"aligncenter size-full is-resized\"><img loading=\"lazy\" decoding=\"async\" width=\"2560\" height=\"2560\" src=\"https:\/\/blueclimateag.ch\/wp-content\/uploads\/2025\/01\/20240919_CARA_Antonio_Caricasole_edit-edited-scaled.jpg\" alt=\"\" class=\"wp-image-506\" style=\"width:180px;height:181px\" srcset=\"https:\/\/blueclimateag.ch\/wp-content\/uploads\/2025\/01\/20240919_CARA_Antonio_Caricasole_edit-edited-scaled.jpg 2560w, https:\/\/blueclimateag.ch\/wp-content\/uploads\/2025\/01\/20240919_CARA_Antonio_Caricasole_edit-edited-300x300.jpg 300w, https:\/\/blueclimateag.ch\/wp-content\/uploads\/2025\/01\/20240919_CARA_Antonio_Caricasole_edit-edited-1024x1024.jpg 1024w, https:\/\/blueclimateag.ch\/wp-content\/uploads\/2025\/01\/20240919_CARA_Antonio_Caricasole_edit-edited-150x150.jpg 150w, https:\/\/blueclimateag.ch\/wp-content\/uploads\/2025\/01\/20240919_CARA_Antonio_Caricasole_edit-edited-768x768.jpg 768w, https:\/\/blueclimateag.ch\/wp-content\/uploads\/2025\/01\/20240919_CARA_Antonio_Caricasole_edit-edited-1536x1536.jpg 1536w, https:\/\/blueclimateag.ch\/wp-content\/uploads\/2025\/01\/20240919_CARA_Antonio_Caricasole_edit-edited-2048x2048.jpg 2048w\" sizes=\"auto, (max-width: 2560px) 100vw, 2560px\" \/><\/figure>\n<\/div><\/div>\n\n\n\n<h3 id=\"wp-block-themeisle-blocks-advanced-heading-5cdd08a0\" class=\"wp-block-themeisle-blocks-advanced-heading wp-block-themeisle-blocks-advanced-heading-5cdd08a0\">Antonio Caricasole<\/h3>\n\n\n\n<p class=\"has-text-align-center\"><strong>RESPONSABILE DI PROGETTO<\/strong><\/p>\n\n\n\n<p class=\"has-text-align-center\">Organizzazione e implementazione<br><\/p>\n<\/div>\n\n\n\n<div id=\"wp-block-themeisle-blocks-advanced-column-6df93f64\" class=\"wp-block-themeisle-blocks-advanced-column\">\n<div class=\"wp-block-group is-nowrap is-layout-flex wp-container-core-group-is-layout-ad2f72ca wp-block-group-is-layout-flex\"><div class=\"wp-block-image is-style-rounded\">\n<figure class=\"aligncenter size-full is-resized\"><img loading=\"lazy\" decoding=\"async\" width=\"249\" height=\"253\" src=\"https:\/\/blueclimateag.ch\/wp-content\/uploads\/2025\/08\/20250814_Gerard_LeRutte_Transparent.png\" alt=\"\" class=\"wp-image-838\" style=\"width:180px;height:181px\" srcset=\"https:\/\/blueclimateag.ch\/wp-content\/uploads\/2025\/08\/20250814_Gerard_LeRutte_Transparent.png 249w, https:\/\/blueclimateag.ch\/wp-content\/uploads\/2025\/08\/20250814_Gerard_LeRutte_Transparent-12x12.png 12w\" sizes=\"auto, (max-width: 249px) 100vw, 249px\" \/><\/figure>\n<\/div><\/div>\n\n\n\n<h3 id=\"wp-block-themeisle-blocks-advanced-heading-e74bc0a3\" class=\"wp-block-themeisle-blocks-advanced-heading wp-block-themeisle-blocks-advanced-heading-e74bc0a3\">G\u00e9rard Le R\u00fctte LLM<\/h3>\n\n\n\n<p class=\"has-text-align-center\"><strong><strong>COO<\/strong><\/strong><\/p>\n\n\n\n<p class=\"has-text-align-center\">Direttore operativo<br><\/p>\n<\/div>\n<\/div><\/div>\n<\/div>\n<\/div><\/div>\n\n\n\n<p><\/p>","protected":false},"excerpt":{"rendered":"<p>LA NOSTRA MISSIONE La nostra missione \u00e8 quella di rendere la costruzione di strade e la stabilizzazione del suolo adatte al futuro, con soluzioni di altissima qualit\u00e0 e durata e con una chiara attenzione all'ambiente e all'efficienza dei costi. Ci affidiamo a materiali e processi innovativi ed ecologici che non solo massimizzano la durata dei nostri progetti, ma riducono anche in modo significativo le emissioni di CO\u2082.&nbsp;<a href=\"https:\/\/blueclimateag.ch\/it\/15c42-web-agency-gb-about-us\/\" rel=\"bookmark\">Continua a leggere \u00bb<span class=\"screen-reader-text\">L'azienda<\/span><\/a><\/p>","protected":false},"author":2,"featured_media":0,"parent":0,"menu_order":0,"comment_status":"closed","ping_status":"closed","template":"","meta":{"neve_meta_sidebar":"default","neve_meta_container":"default","neve_meta_enable_content_width":"on","neve_meta_content_width":100,"neve_meta_title_alignment":"","neve_meta_author_avatar":"","neve_post_elements_order":"","neve_meta_disable_header":"","neve_meta_disable_footer":"","neve_meta_disable_title":"on","neve_meta_reading_time":"","_themeisle_gutenberg_block_has_review":false,"footnotes":""},"class_list":["post-308","page","type-page","status-publish","hentry"],"_links":{"self":[{"href":"https:\/\/blueclimateag.ch\/it\/wp-json\/wp\/v2\/pages\/308","targetHints":{"allow":["GET"]}}],"collection":[{"href":"https:\/\/blueclimateag.ch\/it\/wp-json\/wp\/v2\/pages"}],"about":[{"href":"https:\/\/blueclimateag.ch\/it\/wp-json\/wp\/v2\/types\/page"}],"author":[{"embeddable":true,"href":"https:\/\/blueclimateag.ch\/it\/wp-json\/wp\/v2\/users\/2"}],"replies":[{"embeddable":true,"href":"https:\/\/blueclimateag.ch\/it\/wp-json\/wp\/v2\/comments?post=308"}],"version-history":[{"count":52,"href":"https:\/\/blueclimateag.ch\/it\/wp-json\/wp\/v2\/pages\/308\/revisions"}],"predecessor-version":[{"id":879,"href":"https:\/\/blueclimateag.ch\/it\/wp-json\/wp\/v2\/pages\/308\/revisions\/879"}],"wp:attachment":[{"href":"https:\/\/blueclimateag.ch\/it\/wp-json\/wp\/v2\/media?parent=308"}],"curies":[{"name":"wp","href":"https:\/\/api.w.org\/{rel}","templated":true}]}}