{"id":375,"date":"2024-07-04T14:37:15","date_gmt":"2024-07-04T14:37:15","guid":{"rendered":"https:\/\/biceb.ch\/?page_id=375"},"modified":"2025-02-06T14:11:22","modified_gmt":"2025-02-06T14:11:22","slug":"principi","status":"publish","type":"page","link":"https:\/\/blueclimateag.ch\/it\/grundsaetze\/","title":{"rendered":"Principi"},"content":{"rendered":"<div id=\"wp-block-themeisle-blocks-advanced-columns-678cc482\" class=\"wp-block-themeisle-blocks-advanced-columns alignfull has-1-columns has-desktop-equal-layout has-tablet-equal-layout has-mobile-collapsedRows-layout has-reverse-columns-mobile has-vertical-bottom ticss-c00aadba\"><div class=\"wp-block-themeisle-blocks-advanced-columns-overlay\"><\/div><div class=\"innerblocks-wrap\">\n<div id=\"wp-block-themeisle-blocks-advanced-column-4d412c51\" class=\"wp-block-themeisle-blocks-advanced-column\">\n<h2 id=\"wp-block-themeisle-blocks-advanced-heading-fb3c7a39\" class=\"wp-block-themeisle-blocks-advanced-heading wp-block-themeisle-blocks-advanced-heading-fb3c7a39\"><mark style=\"background-color:rgba(0, 0, 0, 0)\" class=\"has-inline-color has-nv-text-dark-bg-color\">I nostri principi e principi guida<\/mark><\/h2>\n\n\n\n<p class=\"has-text-align-left has-text-color\" style=\"color:#fefefe\"><mark style=\"background-color:rgba(0, 0, 0, 0)\" class=\"has-inline-color has-nv-text-dark-bg-color\">Il nostro lavoro \u00e8 caratterizzato da responsabilit\u00e0 ed elevati standard qualitativi. Per saperne di pi\u00f9, consultate i singoli principi in base ai quali agiamo.<\/mark><\/p>\n\n\n\n<div class=\"wp-block-buttons is-content-justification-center is-layout-flex wp-container-core-buttons-is-layout-16018d1d wp-block-buttons-is-layout-flex\"><\/div>\n<\/div>\n<\/div><\/div>\n\n\n\n<div class=\"wp-block-columns is-layout-flex wp-container-core-columns-is-layout-9d6595d7 wp-block-columns-is-layout-flex\">\n<div class=\"wp-block-column is-layout-flow wp-block-column-is-layout-flow\"><\/div>\n\n\n\n<div class=\"wp-block-column is-layout-flow wp-block-column-is-layout-flow\"><\/div>\n<\/div>\n\n\n\n<div class=\"wp-block-columns is-layout-flex wp-container-core-columns-is-layout-9d6595d7 wp-block-columns-is-layout-flex\">\n<div class=\"wp-block-column is-layout-flow wp-block-column-is-layout-flow\" style=\"flex-basis:33.33%\">\n<h1 class=\"wp-block-heading has-text-align-center\">01<\/h1>\n<\/div>\n\n\n\n<div class=\"wp-block-column is-layout-flow wp-block-column-is-layout-flow\" style=\"flex-basis:66.66%\">\n<h2 class=\"wp-block-heading\">Principi di comportamento<\/h2>\n\n\n\n<h3 class=\"wp-block-heading\">Responsabilit\u00e0 personale<\/h3>\n\n\n\n<p>Noi, cio\u00e8 tutti i dipendenti e i dirigenti di Blue Climate AG, ci assumiamo la responsabilit\u00e0 dei nostri compiti e dei risultati del nostro lavoro. Agiamo nell'interesse dell'azienda e dei suoi clienti, siamo orientati alle soluzioni e cogliamo le nostre opportunit\u00e0.<\/p>\n<\/div>\n<\/div>\n\n\n\n<div class=\"wp-block-columns is-layout-flex wp-container-core-columns-is-layout-9d6595d7 wp-block-columns-is-layout-flex\">\n<div class=\"wp-block-column is-layout-flow wp-block-column-is-layout-flow\" style=\"flex-basis:33.33%\">\n<h1 class=\"wp-block-heading has-text-align-center\">02<\/h1>\n<\/div>\n\n\n\n<div class=\"wp-block-column is-layout-flow wp-block-column-is-layout-flow\" style=\"flex-basis:66.66%\">\n<h3 class=\"wp-block-heading\">Disponibilit\u00e0 ad eseguire<\/h3>\n\n\n\n<p>Utilizziamo il nostro lavoro e le nostre capacit\u00e0 personali per raggiungere gli obiettivi dell'azienda. \u00c8 fondamentale concentrarsi costantemente sulle esigenze del cliente.<\/p>\n<\/div>\n<\/div>\n\n\n\n<div class=\"wp-block-columns is-layout-flex wp-container-core-columns-is-layout-9d6595d7 wp-block-columns-is-layout-flex\">\n<div class=\"wp-block-column is-layout-flow wp-block-column-is-layout-flow\" style=\"flex-basis:33.33%\">\n<h1 class=\"wp-block-heading has-text-align-center\">03<\/h1>\n<\/div>\n\n\n\n<div class=\"wp-block-column is-layout-flow wp-block-column-is-layout-flow\" style=\"flex-basis:66.66%\">\n<h3 class=\"wp-block-heading\">Comunicazione<\/h3>\n\n\n\n<p>Comunichiamo in modo aperto, onesto, affidabile e rispettoso con gli altri. Affrontiamo i conflitti in tempo utile e li gestiamo in modo equo. Lavoriamo insieme per trovare soluzioni e rispettare gli accordi.<\/p>\n<\/div>\n<\/div>\n\n\n\n<div class=\"wp-block-columns is-layout-flex wp-container-core-columns-is-layout-9d6595d7 wp-block-columns-is-layout-flex\">\n<div class=\"wp-block-column is-layout-flow wp-block-column-is-layout-flow\" style=\"flex-basis:33.33%\">\n<h1 class=\"wp-block-heading has-text-align-center\">04<\/h1>\n<\/div>\n\n\n\n<div class=\"wp-block-column is-layout-flow wp-block-column-is-layout-flow\" style=\"flex-basis:66.66%\">\n<h3 class=\"wp-block-heading\">Cooperazione<\/h3>\n\n\n\n<p>Ci sosteniamo a vicenda e ci trattiamo con spirito di collaborazione e apprezzamento. Promuoviamo il processo di apprendimento, riconosciamo i nostri errori e impariamo da essi. Siamo aperti al cambiamento.<\/p>\n<\/div>\n<\/div>\n\n\n\n<div class=\"wp-block-columns is-layout-flex wp-container-core-columns-is-layout-9d6595d7 wp-block-columns-is-layout-flex\">\n<div class=\"wp-block-column is-layout-flow wp-block-column-is-layout-flow\" style=\"flex-basis:33.33%\">\n<h1 class=\"wp-block-heading has-text-align-center\">05<\/h1>\n<\/div>\n\n\n\n<div class=\"wp-block-column is-layout-flow wp-block-column-is-layout-flow\" style=\"flex-basis:66.66%\">\n<h2 class=\"wp-block-heading\">Principi di gestione<\/h2>\n\n\n\n<h3 class=\"wp-block-heading\">Modello di ruolo<\/h3>\n\n\n\n<p>I nostri manager esemplificano le buone prestazioni e i principi di comportamento e leadership.<\/p>\n<\/div>\n<\/div>\n\n\n\n<div class=\"wp-block-columns is-layout-flex wp-container-core-columns-is-layout-9d6595d7 wp-block-columns-is-layout-flex\">\n<div class=\"wp-block-column is-layout-flow wp-block-column-is-layout-flow\" style=\"flex-basis:33.33%\">\n<h1 class=\"wp-block-heading has-text-align-center\">06<\/h1>\n<\/div>\n\n\n\n<div class=\"wp-block-column is-layout-flow wp-block-column-is-layout-flow\" style=\"flex-basis:66.66%\">\n<h3 class=\"wp-block-heading\">Guida<\/h3>\n\n\n\n<p>Leadership significa raggiungere gli obiettivi con le persone. I nostri manager sono consapevoli delle loro responsabilit\u00e0. Impiegano correttamente i loro dipendenti in base ai loro punti di forza. Esigono prestazioni, qualit\u00e0 e risultati, responsabilizzano i loro dipendenti e rafforzano la loro responsabilit\u00e0 personale. Delegano e controllano i processi in modo appropriato. I nostri manager incoraggiano attivamente il feedback tra loro e i loro collaboratori (dare e ricevere). Creano condizioni quadro motivanti e armonizzano gli obiettivi aziendali con quelli individuali. I nostri manager guidano in modo orientato agli obiettivi, esigente e partecipativo. La partecipazione non sostituisce le decisioni del management.<\/p>\n<\/div>\n<\/div>\n\n\n\n<div class=\"wp-block-columns is-layout-flex wp-container-core-columns-is-layout-9d6595d7 wp-block-columns-is-layout-flex\">\n<div class=\"wp-block-column is-layout-flow wp-block-column-is-layout-flow\" style=\"flex-basis:33.33%\">\n<h1 class=\"wp-block-heading has-text-align-center\">07<\/h1>\n<\/div>\n\n\n\n<div class=\"wp-block-column is-layout-flow wp-block-column-is-layout-flow\" style=\"flex-basis:66.66%\">\n<h3 class=\"wp-block-heading\">Fiducia<\/h3>\n\n\n\n<p>La fiducia \u00e8 alla base del rapporto tra dirigenti e dipendenti. La fiducia comprende la convinzione che i nostri dipendenti siano competenti e disposti a lavorare.<\/p>\n<\/div>\n<\/div>\n\n\n\n<div class=\"wp-block-columns is-layout-flex wp-container-core-columns-is-layout-9d6595d7 wp-block-columns-is-layout-flex\">\n<div class=\"wp-block-column is-layout-flow wp-block-column-is-layout-flow\" style=\"flex-basis:33.33%\">\n<h1 class=\"wp-block-heading has-text-align-center\">08<\/h1>\n<\/div>\n\n\n\n<div class=\"wp-block-column is-layout-flow wp-block-column-is-layout-flow\" style=\"flex-basis:66.66%\">\n<h3 class=\"wp-block-heading\">Sviluppo del personale<\/h3>\n\n\n\n<p>Riconosciamo lo sviluppo come un importante compito manageriale e diamo a tutti l'opportunit\u00e0 di contribuire a plasmare il proprio futuro personale e professionale. L'impulso per l'ulteriore sviluppo \u00e8 principalmente responsabilit\u00e0 dei nostri dipendenti. Sosteniamo misure interne ed esterne per la formazione e lo sviluppo professionale.<\/p>\n<\/div>\n<\/div>\n\n\n\n<div class=\"wp-block-columns is-layout-flex wp-container-core-columns-is-layout-9d6595d7 wp-block-columns-is-layout-flex\">\n<div class=\"wp-block-column is-layout-flow wp-block-column-is-layout-flow\" style=\"flex-basis:33.33%\">\n<h1 class=\"wp-block-heading has-text-align-center\">09<\/h1>\n<\/div>\n\n\n\n<div class=\"wp-block-column is-layout-flow wp-block-column-is-layout-flow\" style=\"flex-basis:66.66%\">\n<h2 class=\"wp-block-heading\">qualit\u00e0<\/h2>\n\n\n\n<p>La qualit\u00e0 \u00e8 il nostro bene pi\u00f9 grande e ci impegniamo ogni giorno per ottenerla. Vogliamo massimizzare i vantaggi per i nostri clienti. Non solo forniamo\/vendiamo servizi e soluzioni, ma creiamo anche valore qualitativo. Per questo motivo soddisfiamo le richieste dei nostri clienti con la massima attenzione. Organizzando workshop interni e corsi di formazione, contribuiamo a garantire che ogni singolo dipendente sia sempre attento alla qualit\u00e0.<\/p>\n<\/div>\n<\/div>\n\n\n\n<div class=\"wp-block-columns is-layout-flex wp-container-core-columns-is-layout-9d6595d7 wp-block-columns-is-layout-flex\">\n<div class=\"wp-block-column is-layout-flow wp-block-column-is-layout-flow\" style=\"flex-basis:33.33%\">\n<h1 class=\"wp-block-heading has-text-align-center\">10<\/h1>\n<\/div>\n\n\n\n<div class=\"wp-block-column is-layout-flow wp-block-column-is-layout-flow\" style=\"flex-basis:66.66%\">\n<h2 class=\"wp-block-heading\">Governo d'impresa<\/h2>\n\n\n\n<p>La governance aziendale \u00e8 una questione importante in una PMI di propriet\u00e0 del management. Siamo consapevoli che, nonostante la concentrazione del management e degli azionisti, una buona corporate governance e un buon controllo sono importanti per il successo sostenibile dell'azienda.<\/p>\n\n\n\n<p>Per questo motivo ci affidiamo consapevolmente al monitoraggio esterno da parte di<\/p>\n\n\n\n<ul class=\"wp-block-list\">\n<li>un presidente esterno del Consiglio di amministrazione e<\/li>\n\n\n\n<li>un revisore esterno e indipendente.<\/li>\n<\/ul>\n\n\n\n<p>Le competenze sono indicate in modo chiaro e trasparente nel regolamento organizzativo di Blue Climate AG.<\/p>\n<\/div>\n<\/div>\n\n\n\n<div class=\"wp-block-columns is-layout-flex wp-container-core-columns-is-layout-9d6595d7 wp-block-columns-is-layout-flex\">\n<div class=\"wp-block-column is-layout-flow wp-block-column-is-layout-flow\" style=\"flex-basis:33.33%\">\n<h1 class=\"wp-block-heading has-text-align-center\">11<\/h1>\n<\/div>\n\n\n\n<div class=\"wp-block-column is-layout-flow wp-block-column-is-layout-flow\" style=\"flex-basis:66.66%\">\n<h3 class=\"wp-block-heading\">Sistema di gestione<\/h3>\n\n\n\n<p>Blue Climate AG \u00e8 in procinto di istituire un sistema di gestione della qualit\u00e0 degno di essere certificato secondo la norma ISO 9001:2015.<\/p>\n\n\n\n<p>I nostri principi aziendali sono descritti nel manuale di gestione. Esso contiene linee guida sulla qualit\u00e0 dei servizi e delle soluzioni e sulla tutela dei dipendenti, elenca importanti regole di gestione e di comportamento e stabilisce i principi della nostra politica del personale. L'attuale manuale di gestione \u00e8 lo strumento pi\u00f9 importante per la gestione delle attivit\u00e0 operative. Sulla base di esso, la direzione assicura che le leggi e le linee guida applicabili siano sempre rispettate.<\/p>\n<\/div>\n<\/div>\n\n\n\n<div class=\"wp-block-columns is-layout-flex wp-container-core-columns-is-layout-9d6595d7 wp-block-columns-is-layout-flex\">\n<div class=\"wp-block-column is-layout-flow wp-block-column-is-layout-flow\" style=\"flex-basis:33.33%\">\n<h1 class=\"wp-block-heading has-text-align-center\">12<\/h1>\n<\/div>\n\n\n\n<div class=\"wp-block-column is-layout-flow wp-block-column-is-layout-flow\" style=\"flex-basis:66.66%\">\n<h3 class=\"wp-block-heading\">Gestione del rischio<\/h3>\n\n\n\n<p>La consapevolezza dei rischi \u00e8 un elemento fondamentale del nostro comportamento aziendale. Adottiamo misure per considerare tutti i fattori di rischio e per eliminare e limitare i rischi laddove possibile. Il nostro sistema di gestione del rischio serve a identificare e valutare i rischi, a monitorarli, controllarli e minimizzarli, a documentarli e a comunicarli all'interno e, se necessario, all'esterno dell'azienda. Sviluppiamo continuamente le nostre linee guida e i nostri sistemi di gestione del rischio.<\/p>\n\n\n\n<p>Dal 2014 stiamo sviluppando il nostro sistema di controllo interno (SCI), orientato agli standard ISO 9001:2015.<\/p>\n\n\n\n<p>Integriamo il sistema nell'organizzazione interna in modo da garantire la separazione tra la gestione a livello di processo e il controllo al livello pi\u00f9 alto dell'azienda.<\/p>\n<\/div>\n<\/div>\n\n\n\n<div class=\"wp-block-columns is-layout-flex wp-container-core-columns-is-layout-9d6595d7 wp-block-columns-is-layout-flex\">\n<div class=\"wp-block-column is-layout-flow wp-block-column-is-layout-flow\" style=\"flex-basis:33.33%\">\n<h1 class=\"wp-block-heading has-text-align-center\">13<\/h1>\n<\/div>\n\n\n\n<div class=\"wp-block-column is-layout-flow wp-block-column-is-layout-flow\" style=\"flex-basis:66.66%\">\n<h3 class=\"wp-block-heading\">Il nostro sistema di gestione del rischio<\/h3>\n\n\n\n<p>I vari strumenti del sistema comprendono gli scenari di rischio, il portafoglio dei rischi e la mappa dei rischi. Gli scenari di rischio tengono conto di aspetti quali la capacit\u00e0 di consegna e le fluttuazioni del mercato, la sicurezza dei servizi e delle soluzioni e la sicurezza sul lavoro. I parametri pi\u00f9 importanti nella valutazione del rischio sono i possibili effetti e il grado di controllabilit\u00e0.<\/p>\n\n\n\n<p>Non siamo interessati principalmente alla probabilit\u00e0 che uno scenario si verifichi. Vogliamo deliberatamente occuparci di scenari che possono essere considerati molto rari e improbabili.<\/p>\n\n\n\n<p>Il portafoglio dei rischi riassume i risultati, definisce le priorit\u00e0 e raccomanda misure di natura tecnica e organizzativa. La mappa dei rischi serve come strumento di comunicazione e controllo per una chiara presentazione e valutazione dei rischi, classificando gli sviluppi emergenti in base ai colori del semaforo. La mappa dei rischi viene presentata regolarmente al Consiglio di amministrazione.<\/p>\n<\/div>\n<\/div>\n\n\n\n<div class=\"wp-block-columns is-layout-flex wp-container-core-columns-is-layout-9d6595d7 wp-block-columns-is-layout-flex\">\n<div class=\"wp-block-column is-layout-flow wp-block-column-is-layout-flow\" style=\"flex-basis:33.33%\">\n<h1 class=\"wp-block-heading has-text-align-center\">14<\/h1>\n<\/div>\n\n\n\n<div class=\"wp-block-column is-layout-flow wp-block-column-is-layout-flow\" style=\"flex-basis:66.66%\">\n<h2 class=\"wp-block-heading\">Personale<\/h2>\n\n\n\n<h3 class=\"wp-block-heading\">La nostra responsabilit\u00e0 come datore di lavoro<\/h3>\n\n\n\n<p>Come datore di lavoro, dimostriamo impegno sociale. Sfidiamo e incoraggiamo, creiamo un sostentamento sicuro e un ambiente ottimale per i nostri dipendenti. Offriamo un ambiente di lavoro multiculturale e funzionante: colleghi di diverse nazionalit\u00e0 lavorano insieme in un'atmosfera familiare e insieme caratterizzano la nostra cultura aziendale aperta e familiare.<\/p>\n<\/div>\n<\/div>\n\n\n\n<div class=\"wp-block-columns is-layout-flex wp-container-core-columns-is-layout-9d6595d7 wp-block-columns-is-layout-flex\">\n<div class=\"wp-block-column is-layout-flow wp-block-column-is-layout-flow\" style=\"flex-basis:33.33%\">\n<h1 class=\"wp-block-heading has-text-align-center\">15<\/h1>\n<\/div>\n\n\n\n<div class=\"wp-block-column is-layout-flow wp-block-column-is-layout-flow\" style=\"flex-basis:66.66%\">\n<h3 class=\"wp-block-heading\">Politica del personale<\/h3>\n\n\n\n<p>Il modo in cui i nostri dipendenti trasmettono i valori e le prestazioni della nostra azienda all'esterno o contribuiscono a tali valori e prestazioni \u00e8 il nostro vantaggio competitivo decisivo. La nostra politica delle risorse umane \u00e8 pienamente in linea con questa consapevolezza.&nbsp;<\/p>\n<\/div>\n<\/div>\n\n\n\n<div class=\"wp-block-columns is-layout-flex wp-container-core-columns-is-layout-9d6595d7 wp-block-columns-is-layout-flex\">\n<div class=\"wp-block-column is-layout-flow wp-block-column-is-layout-flow\" style=\"flex-basis:33.33%\">\n<h1 class=\"wp-block-heading has-text-align-center\">16<\/h1>\n<\/div>\n\n\n\n<div class=\"wp-block-column is-layout-flow wp-block-column-is-layout-flow\" style=\"flex-basis:66.66%\">\n<h3 class=\"wp-block-heading\">Reclutamento<\/h3>\n\n\n\n<p>Nell'ambito del profilo dei requisiti, selezioniamo i nostri nuovi dipendenti sulla base della loro personalit\u00e0. Cerchiamo persone che vogliano contribuire a plasmare il proprio futuro e quello dell'azienda e che si assumano le responsabilit\u00e0 che vengono loro assegnate.<\/p>\n\n\n\n<p>Offriamo ai nostri dipendenti campi di attivit\u00e0 olistici e responsabili con un'influenza diretta sullo sviluppo della nostra azienda.<\/p>\n\n\n\n<p>Adattiamo i compiti dei nostri dipendenti agli sviluppi del mercato.<\/p>\n<\/div>\n<\/div>\n\n\n\n<div class=\"wp-block-columns is-layout-flex wp-container-core-columns-is-layout-9d6595d7 wp-block-columns-is-layout-flex\">\n<div class=\"wp-block-column is-layout-flow wp-block-column-is-layout-flow\" style=\"flex-basis:33.33%\">\n<h1 class=\"wp-block-heading has-text-align-center\">17<\/h1>\n<\/div>\n\n\n\n<div class=\"wp-block-column is-layout-flow wp-block-column-is-layout-flow\" style=\"flex-basis:66.66%\">\n<h3 class=\"wp-block-heading\">Valutazione del personale<\/h3>\n\n\n\n<p>Abbiamo un accordo sugli obiettivi e un processo di valutazione annuale, in modo che i dipendenti siano consapevoli delle loro sfide e possano svolgere il loro ruolo. Le prestazioni vengono valutate in base al raggiungimento di obiettivi fattuali e comportamentali. Le discussioni durante l'anno integrano il processo formale.<\/p>\n\n\n\n<p>Le discussioni dovute a prestazioni insoddisfacenti o a comportamenti indesiderati sono formalmente documentate. Le prestazioni eccezionali sono riconosciute e possono essere documentate formalmente.<\/p>\n\n\n\n<p>Con strumenti validi, valutazioni dei dipendenti condotte in modo professionale e una cultura del dialogo onesta, otteniamo un feedback apprezzabile e che promuove lo sviluppo.<\/p>\n<\/div>\n<\/div>\n\n\n\n<div class=\"wp-block-columns is-layout-flex wp-container-core-columns-is-layout-9d6595d7 wp-block-columns-is-layout-flex\">\n<div class=\"wp-block-column is-layout-flow wp-block-column-is-layout-flow\" style=\"flex-basis:33.33%\">\n<h1 class=\"wp-block-heading has-text-align-center\">18<\/h1>\n<\/div>\n\n\n\n<div class=\"wp-block-column is-layout-flow wp-block-column-is-layout-flow\" style=\"flex-basis:66.66%\">\n<h3 class=\"wp-block-heading\">Remunerazione del personale<\/h3>\n\n\n\n<p>La retribuzione si basa sui requisiti del lavoro, sulle prestazioni e sul mercato. I nostri benefit non si limitano al pagamento dello stipendio. I nostri dipendenti godono anche di condizioni di lavoro aggiuntive e interessanti. Ci sforziamo di allineare la retribuzione dei nostri dipendenti al successo dell'azienda.<\/p>\n<\/div>\n<\/div>\n\n\n\n<div class=\"wp-block-columns is-layout-flex wp-container-core-columns-is-layout-9d6595d7 wp-block-columns-is-layout-flex\">\n<div class=\"wp-block-column is-layout-flow wp-block-column-is-layout-flow\" style=\"flex-basis:33.33%\">\n<h1 class=\"wp-block-heading has-text-align-center\">19<\/h1>\n<\/div>\n\n\n\n<div class=\"wp-block-column is-layout-flow wp-block-column-is-layout-flow\" style=\"flex-basis:66.66%\">\n<h3 class=\"wp-block-heading\">Sviluppo del personale<\/h3>\n\n\n\n<p>Riconosciamo lo sviluppo come un importante compito manageriale e diamo a tutti l'opportunit\u00e0 di contribuire a plasmare il proprio futuro personale e professionale. L'impulso per l'ulteriore sviluppo \u00e8 in primo luogo responsabilit\u00e0 dei nostri dipendenti. Sosteniamo misure interne ed esterne per la formazione e lo sviluppo professionale.<\/p>\n<\/div>\n<\/div>\n\n\n\n<div class=\"wp-block-columns is-layout-flex wp-container-core-columns-is-layout-9d6595d7 wp-block-columns-is-layout-flex\">\n<div class=\"wp-block-column is-layout-flow wp-block-column-is-layout-flow\" style=\"flex-basis:33.33%\">\n<h1 class=\"wp-block-heading has-text-align-center\">20<\/h1>\n<\/div>\n\n\n\n<div class=\"wp-block-column is-layout-flow wp-block-column-is-layout-flow\" style=\"flex-basis:66.66%\">\n<h3 class=\"wp-block-heading\">Comunicazione<\/h3>\n\n\n\n<p>Attraverso la comunicazione, creiamo trasparenza, comprensione, fiducia e motivazione sia all'interno che all'esterno, rendendo cos\u00ec l'azienda riconoscibile come un datore di lavoro interessante. Consideriamo la comunicazione anche come uno strumento da utilizzare per raggiungere gli obiettivi aziendali.<\/p>\n<\/div>\n<\/div>\n\n\n\n<div class=\"wp-block-columns is-layout-flex wp-container-core-columns-is-layout-9d6595d7 wp-block-columns-is-layout-flex\">\n<div class=\"wp-block-column is-layout-flow wp-block-column-is-layout-flow\" style=\"flex-basis:33.33%\">\n<h1 class=\"wp-block-heading has-text-align-center\">21<\/h1>\n<\/div>\n\n\n\n<div class=\"wp-block-column is-layout-flow wp-block-column-is-layout-flow\" style=\"flex-basis:66.66%\">\n<h3 class=\"wp-block-heading\">Dipartimento del personale<\/h3>\n\n\n\n<p>Il nostro dipartimento Risorse Umane fornisce i processi, gli strumenti e i servizi per l'attuazione di questa politica delle risorse umane. I dipendenti dell'ufficio Risorse Umane sono le persone di riferimento per i dirigenti e i dipendenti.<\/p>\n<\/div>\n<\/div>","protected":false},"excerpt":{"rendered":"<p>01 Principi di comportamento Responsabilit\u00e0 personale Noi, ovvero tutti i dipendenti e i dirigenti di Blue Climate AG, ci assumiamo la responsabilit\u00e0 dei nostri compiti e dei risultati del nostro lavoro. Ci comportiamo nell'interesse dell'azienda e dei suoi clienti, agiamo in modo orientato alle soluzioni e cogliamo le opportunit\u00e0. 02 Impegno Utilizziamo il nostro lavoro e le nostre capacit\u00e0 personali per raggiungere gli obiettivi dell'azienda.&nbsp;<a href=\"https:\/\/blueclimateag.ch\/it\/grundsaetze\/\" rel=\"bookmark\">Continua a leggere \u00bb<span class=\"screen-reader-text\">Principi<\/span><\/a><\/p>","protected":false},"author":2,"featured_media":0,"parent":0,"menu_order":0,"comment_status":"closed","ping_status":"closed","template":"","meta":{"neve_meta_sidebar":"full-width","neve_meta_container":"contained","neve_meta_enable_content_width":"on","neve_meta_content_width":100,"neve_meta_title_alignment":"","neve_meta_author_avatar":"","neve_post_elements_order":"","neve_meta_disable_header":"","neve_meta_disable_footer":"","neve_meta_disable_title":"on","neve_meta_reading_time":"","_themeisle_gutenberg_block_has_review":false,"footnotes":""},"class_list":["post-375","page","type-page","status-publish","hentry"],"_links":{"self":[{"href":"https:\/\/blueclimateag.ch\/it\/wp-json\/wp\/v2\/pages\/375","targetHints":{"allow":["GET"]}}],"collection":[{"href":"https:\/\/blueclimateag.ch\/it\/wp-json\/wp\/v2\/pages"}],"about":[{"href":"https:\/\/blueclimateag.ch\/it\/wp-json\/wp\/v2\/types\/page"}],"author":[{"embeddable":true,"href":"https:\/\/blueclimateag.ch\/it\/wp-json\/wp\/v2\/users\/2"}],"replies":[{"embeddable":true,"href":"https:\/\/blueclimateag.ch\/it\/wp-json\/wp\/v2\/comments?post=375"}],"version-history":[{"count":8,"href":"https:\/\/blueclimateag.ch\/it\/wp-json\/wp\/v2\/pages\/375\/revisions"}],"predecessor-version":[{"id":568,"href":"https:\/\/blueclimateag.ch\/it\/wp-json\/wp\/v2\/pages\/375\/revisions\/568"}],"wp:attachment":[{"href":"https:\/\/blueclimateag.ch\/it\/wp-json\/wp\/v2\/media?parent=375"}],"curies":[{"name":"wp","href":"https:\/\/api.w.org\/{rel}","templated":true}]}}