{"id":408,"date":"2024-07-05T14:45:37","date_gmt":"2024-07-05T14:45:37","guid":{"rendered":"https:\/\/biceb.ch\/?page_id=408"},"modified":"2025-05-27T13:04:36","modified_gmt":"2025-05-27T13:04:36","slug":"in-grassetto","status":"publish","type":"page","link":"https:\/\/blueclimateag.ch\/it\/underbold\/","title":{"rendered":"Underbold"},"content":{"rendered":"<div id=\"wp-block-themeisle-blocks-advanced-columns-678cc482\" class=\"wp-block-themeisle-blocks-advanced-columns alignfull has-1-columns has-desktop-equal-layout has-tablet-equal-layout has-mobile-collapsedRows-layout has-reverse-columns-mobile has-vertical-bottom ticss-c00aadba\"><div class=\"wp-block-themeisle-blocks-advanced-columns-overlay\"><\/div><div class=\"innerblocks-wrap\">\n<div id=\"wp-block-themeisle-blocks-advanced-column-4d412c51\" class=\"wp-block-themeisle-blocks-advanced-column\">\n<h2 id=\"wp-block-themeisle-blocks-advanced-heading-fb3c7a39\" class=\"wp-block-themeisle-blocks-advanced-heading wp-block-themeisle-blocks-advanced-heading-fb3c7a39\">UNDERBOLD<\/h2>\n\n\n\n<p class=\"has-text-align-center has-text-color\" style=\"color:#fefefe\">______________________<\/p>\n\n\n\n<div class=\"wp-block-buttons is-content-justification-center is-layout-flex wp-container-core-buttons-is-layout-16018d1d wp-block-buttons-is-layout-flex\"><\/div>\n<\/div>\n<\/div><\/div>\n\n\n\n<section id=\"wp-block-themeisle-blocks-advanced-columns-dab9e0bf\" class=\"wp-block-themeisle-blocks-advanced-columns alignfull has-1-columns has-desktop-equal-layout has-tablet-equal-layout has-mobile-equal-layout has-vertical-flex-start\"><div class=\"wp-block-themeisle-blocks-advanced-columns-overlay\"><\/div><div class=\"innerblocks-wrap\">\n<div id=\"wp-block-themeisle-blocks-advanced-column-9df22226\" class=\"wp-block-themeisle-blocks-advanced-column\">\n<section id=\"wp-block-themeisle-blocks-advanced-columns-b56443a0\" class=\"wp-block-themeisle-blocks-advanced-columns has-3-columns has-desktop-equal-layout has-tablet-equal-layout has-mobile-collapsedRows-layout has-vertical-flex-start\"><div class=\"wp-block-themeisle-blocks-advanced-columns-overlay\"><\/div><div class=\"innerblocks-wrap\">\n<div id=\"wp-block-themeisle-blocks-advanced-column-8b257f59\" class=\"wp-block-themeisle-blocks-advanced-column has-light-bg\">\n<h2 id=\"wp-block-themeisle-blocks-advanced-heading-0b1abecd\" class=\"wp-block-themeisle-blocks-advanced-heading wp-block-themeisle-blocks-advanced-heading-0b1abecd\">100%<\/h2>\n\n\n\n<p id=\"wp-block-themeisle-blocks-advanced-heading-cf3bf296\" class=\"wp-block-themeisle-blocks-advanced-heading wp-block-themeisle-blocks-advanced-heading-cf3bf296\">Prodotti ecologici<\/p>\n\n\n\n<hr class=\"wp-block-separator has-text-color has-nv-site-bg-color has-css-opacity has-nv-site-bg-background-color has-background\"\/>\n<\/div>\n\n\n\n<div id=\"wp-block-themeisle-blocks-advanced-column-f8505509\" class=\"wp-block-themeisle-blocks-advanced-column has-light-bg\">\n<h2 id=\"wp-block-themeisle-blocks-advanced-heading-695ae192\" class=\"wp-block-themeisle-blocks-advanced-heading wp-block-themeisle-blocks-advanced-heading-695ae192\">30%<\/h2>\n\n\n\n<p id=\"wp-block-themeisle-blocks-advanced-heading-30dd530d\" class=\"wp-block-themeisle-blocks-advanced-heading wp-block-themeisle-blocks-advanced-heading-30dd530d\">Tempi di produzione pi\u00f9 brevi<\/p>\n\n\n\n<hr class=\"wp-block-separator has-text-color has-nv-site-bg-color has-css-opacity has-nv-site-bg-background-color has-background\"\/>\n<\/div>\n\n\n\n<div id=\"wp-block-themeisle-blocks-advanced-column-43c95925\" class=\"wp-block-themeisle-blocks-advanced-column has-light-bg\">\n<h2 id=\"wp-block-themeisle-blocks-advanced-heading-0d527ed7\" class=\"wp-block-themeisle-blocks-advanced-heading wp-block-themeisle-blocks-advanced-heading-0d527ed7\">20%<\/h2>\n\n\n\n<p id=\"wp-block-themeisle-blocks-advanced-heading-0d2bbf17\" class=\"wp-block-themeisle-blocks-advanced-heading wp-block-themeisle-blocks-advanced-heading-0d2bbf17\">Costi inferiori<\/p>\n\n\n\n<hr class=\"wp-block-separator has-text-color has-nv-site-bg-color has-css-opacity has-nv-site-bg-background-color has-background\"\/>\n<\/div>\n<\/div><\/section>\n<\/div>\n<\/div><\/section>\n\n\n\n<div style=\"height:20px\" aria-hidden=\"true\" class=\"wp-block-spacer\"><\/div>\n\n\n\n<div id=\"wp-block-themeisle-blocks-advanced-columns-954e79ad\" class=\"wp-block-themeisle-blocks-advanced-columns has-4-columns has-desktop-equal-layout has-tablet-equal-layout has-mobile-collapsedRows-layout has-vertical-unset\"><div class=\"wp-block-themeisle-blocks-advanced-columns-overlay\"><\/div><div class=\"innerblocks-wrap\">\n<div id=\"wp-block-themeisle-blocks-advanced-column-9f87845e\" class=\"wp-block-themeisle-blocks-advanced-column\">\n<div id=\"wp-block-themeisle-blocks-font-awesome-icons-a47009d2\" class=\"wp-block-themeisle-blocks-font-awesome-icons\"><span class=\"wp-block-themeisle-blocks-font-awesome-icons-container\"><i class=\"far fa-clock\"><\/i><\/span><\/div>\n\n\n\n<p class=\"has-text-align-center\"><strong><mark style=\"background-color:rgba(0, 0, 0, 0)\" class=\"has-inline-color has-nv-c-2-color\">TEMPO<\/mark><\/strong><br>_________________<br>Significativo risparmio di tempo grazie alla riduzione dei tempi di costruzione dell'intero progetto.<br><\/p>\n<\/div>\n\n\n\n<div id=\"wp-block-themeisle-blocks-advanced-column-733f67cb\" class=\"wp-block-themeisle-blocks-advanced-column\">\n<div id=\"wp-block-themeisle-blocks-font-awesome-icons-8a88728a\" class=\"wp-block-themeisle-blocks-font-awesome-icons\"><span class=\"wp-block-themeisle-blocks-font-awesome-icons-container\"><i class=\"fas fa-hand-holding-usd\"><\/i><\/span><\/div>\n\n\n\n<p class=\"has-text-align-center\"><strong><mark style=\"background-color:rgba(0, 0, 0, 0)\" class=\"has-inline-color has-nv-c-2-color\">COSTI<\/mark><\/strong><br>_________________<br>Significativi risparmi sui costi grazie a un metodo di costruzione pi\u00f9 rapido ed efficiente - Basso utilizzo di materiali e macchinari<br><\/p>\n<\/div>\n\n\n\n<div id=\"wp-block-themeisle-blocks-advanced-column-03005d05\" class=\"wp-block-themeisle-blocks-advanced-column\">\n<div id=\"wp-block-themeisle-blocks-font-awesome-icons-84a15112\" class=\"wp-block-themeisle-blocks-font-awesome-icons\"><span class=\"wp-block-themeisle-blocks-font-awesome-icons-container\"><i class=\"fas fa-calendar-alt\"><\/i><\/span><\/div>\n\n\n\n<p class=\"has-text-align-center\"><strong><mark style=\"background-color:rgba(0, 0, 0, 0)\" class=\"has-inline-color has-nv-c-2-color\">DUREVOLEZZA<\/mark><\/strong><br>_________________<br>Aumento della capacit\u00e0 portante + Aumento del modulo di rigidit\u00e0 + Aumento dell'elasticit\u00e0 + Completa resistenza al gelo<\/p>\n<\/div>\n\n\n\n<div id=\"wp-block-themeisle-blocks-advanced-column-881272fa\" class=\"wp-block-themeisle-blocks-advanced-column\">\n<div id=\"wp-block-themeisle-blocks-font-awesome-icons-d294bc8f\" class=\"wp-block-themeisle-blocks-font-awesome-icons\"><span class=\"wp-block-themeisle-blocks-font-awesome-icons-container\"><i class=\"fas fa-leaf\"><\/i><\/span><\/div>\n\n\n\n<p class=\"has-text-align-center\"><strong><mark style=\"background-color:rgba(0, 0, 0, 0)\" class=\"has-inline-color has-nv-c-2-color\">AMBIENTE<\/mark><\/strong><br>_________________<br>100% componenti naturali. Minori emissioni di gas di scarico grazie alla minore movimentazione di materiale. Riduzione di CO2.<\/p>\n<\/div>\n<\/div><\/div>\n\n\n\n<div style=\"height:100px\" aria-hidden=\"true\" class=\"wp-block-spacer\"><\/div>\n\n\n\n<div class=\"wp-block-group alignfull has-background\" style=\"background-color:#f2f0e9\"><div class=\"wp-block-group__inner-container is-layout-flow wp-block-group-is-layout-flow\">\n<div style=\"height:70px\" aria-hidden=\"true\" class=\"wp-block-spacer\"><\/div>\n\n\n\n<div class=\"wp-block-columns alignwide are-vertically-aligned-center is-layout-flex wp-container-core-columns-is-layout-9d6595d7 wp-block-columns-is-layout-flex\">\n<div class=\"wp-block-column is-layout-flow wp-block-column-is-layout-flow\" style=\"flex-basis:50%\">\n<p class=\"has-text-color\" style=\"color:#000000;font-size:30px;line-height:1.1\"><strong>Che cos'\u00e8 l'Underbold?<\/strong><\/p>\n<\/div>\n\n\n\n<div class=\"wp-block-column is-layout-flow wp-block-column-is-layout-flow\" style=\"flex-basis:50%\">\n<hr class=\"wp-block-separator has-text-color has-css-opacity has-background is-style-wide\" style=\"background-color:#000000;color:#000000\"\/>\n<\/div>\n<\/div>\n\n\n\n<div class=\"wp-block-columns alignwide is-layout-flex wp-container-core-columns-is-layout-9d6595d7 wp-block-columns-is-layout-flex\">\n<div class=\"wp-block-column is-layout-flow wp-block-column-is-layout-flow\"><\/div>\n\n\n\n<div class=\"wp-block-column is-layout-flow wp-block-column-is-layout-flow\">\n<p class=\"has-text-color has-extra-small-font-size\" style=\"color:#000000\">Underbold-POD30 \u00e8 un prodotto innovativo per la stabilizzazione delle terre, sviluppato appositamente per la costruzione di strade e altre applicazioni infrastrutturali. Si tratta di un materiale ecologico le cui propriet\u00e0 uniche consentono un'efficace stabilizzazione del terreno, soprattutto in condizioni di terreno difficile o instabile.<\/p>\n<\/div>\n\n\n\n<div class=\"wp-block-column is-layout-flow wp-block-column-is-layout-flow\">\n<p class=\"has-text-color has-extra-small-font-size\" style=\"color:#000000\">Utilizzando Underbold-POD30, i progetti di costruzione beneficiano di una soluzione ecologica che tiene conto dei requisiti economici ed ecologici delle moderne costruzioni stradali.<\/p>\n<\/div>\n<\/div>\n\n\n\n<div style=\"height:40px\" aria-hidden=\"true\" class=\"wp-block-spacer\"><\/div>\n<\/div><\/div>\n\n\n\n<div id=\"wp-block-themeisle-blocks-advanced-columns-3a632c5b\" class=\"wp-block-themeisle-blocks-advanced-columns alignfull has-3-columns has-desktop-equal-layout has-tablet-equal-layout has-mobile-collapsedRows-layout has-vertical-top ticss-c00aadba\"><div class=\"wp-block-themeisle-blocks-advanced-columns-overlay\"><\/div><div class=\"innerblocks-wrap\">\n<div id=\"wp-block-themeisle-blocks-advanced-column-1afaade9\" class=\"wp-block-themeisle-blocks-advanced-column\">\n<div id=\"wp-block-themeisle-blocks-font-awesome-icons-762b1205\" class=\"wp-block-themeisle-blocks-font-awesome-icons\"><span class=\"wp-block-themeisle-blocks-font-awesome-icons-container nan-padding\"><i class=\"fas fa-leaf\"><\/i><\/span><\/div>\n\n\n\n<h2 id=\"wp-block-themeisle-blocks-advanced-heading-dd1eb2f7\" class=\"wp-block-themeisle-blocks-advanced-heading wp-block-themeisle-blocks-advanced-heading-dd1eb2f7\">Lavoriamo con voi per sviluppare soluzioni perfette per le vostre strade!<\/h2>\n\n\n\n<div class=\"wp-block-buttons is-layout-flex wp-block-buttons-is-layout-flex\"><\/div>\n<\/div>\n\n\n\n<div id=\"wp-block-themeisle-blocks-advanced-column-7ca824fc\" class=\"wp-block-themeisle-blocks-advanced-column\">\n<div class=\"wp-block-group\"><div class=\"wp-block-group__inner-container is-layout-flow wp-block-group-is-layout-flow\"><div class=\"wp-block-image animated slideInLeft delay-100ms slower o-anim-offset-o-anim-offset-0px\">\n<figure class=\"aligncenter size-full is-resized\"><img loading=\"lazy\" decoding=\"async\" width=\"2470\" height=\"1267\" src=\"https:\/\/blueclimateag.ch\/wp-content\/uploads\/2025\/02\/Icon-Schritt-1.png\" alt=\"\" class=\"wp-image-673\" style=\"width:148px;height:auto\" srcset=\"https:\/\/blueclimateag.ch\/wp-content\/uploads\/2025\/02\/Icon-Schritt-1.png 2470w, https:\/\/blueclimateag.ch\/wp-content\/uploads\/2025\/02\/Icon-Schritt-1-300x154.png 300w, https:\/\/blueclimateag.ch\/wp-content\/uploads\/2025\/02\/Icon-Schritt-1-1024x525.png 1024w, https:\/\/blueclimateag.ch\/wp-content\/uploads\/2025\/02\/Icon-Schritt-1-768x394.png 768w, https:\/\/blueclimateag.ch\/wp-content\/uploads\/2025\/02\/Icon-Schritt-1-1536x788.png 1536w, https:\/\/blueclimateag.ch\/wp-content\/uploads\/2025\/02\/Icon-Schritt-1-2048x1051.png 2048w, https:\/\/blueclimateag.ch\/wp-content\/uploads\/2025\/02\/Icon-Schritt-1-18x9.png 18w\" sizes=\"auto, (max-width: 2470px) 100vw, 2470px\" \/><\/figure>\n<\/div>\n\n\n<div style=\"height:30px\" aria-hidden=\"true\" class=\"wp-block-spacer\"><\/div>\n\n\n\n<h3 id=\"wp-block-themeisle-blocks-advanced-heading-bb84b8a8\" class=\"wp-block-themeisle-blocks-advanced-heading wp-block-themeisle-blocks-advanced-heading-bb84b8a8\">1. <strong>Profilazione preliminare<\/strong><\/h3>\n\n\n\n<p class=\"has-text-align-center\">Livellamento della superficie, rimozione dello strato superiore organico.<\/p>\n\n\n\n<p><\/p>\n\n\n\n<div class=\"wp-block-group\"><div class=\"wp-block-group__inner-container is-layout-flow wp-block-group-is-layout-flow\"><div class=\"wp-block-image animated slideInLeft delay-100ms slower o-anim-offset-o-anim-offset-0px\">\n<figure class=\"aligncenter size-large is-resized\"><img loading=\"lazy\" decoding=\"async\" width=\"1024\" height=\"583\" src=\"https:\/\/blueclimateag.ch\/wp-content\/uploads\/2025\/02\/Icon-Schritt-3-1024x583.png\" alt=\"\" class=\"wp-image-685\" style=\"width:144px;height:auto\" srcset=\"https:\/\/blueclimateag.ch\/wp-content\/uploads\/2025\/02\/Icon-Schritt-3-1024x583.png 1024w, https:\/\/blueclimateag.ch\/wp-content\/uploads\/2025\/02\/Icon-Schritt-3-300x171.png 300w, https:\/\/blueclimateag.ch\/wp-content\/uploads\/2025\/02\/Icon-Schritt-3-768x437.png 768w, https:\/\/blueclimateag.ch\/wp-content\/uploads\/2025\/02\/Icon-Schritt-3-1536x874.png 1536w, https:\/\/blueclimateag.ch\/wp-content\/uploads\/2025\/02\/Icon-Schritt-3-2048x1166.png 2048w, https:\/\/blueclimateag.ch\/wp-content\/uploads\/2025\/02\/Icon-Schritt-3-18x10.png 18w\" sizes=\"auto, (max-width: 1024px) 100vw, 1024px\" \/><\/figure>\n<\/div>\n\n\n<div style=\"height:30px\" aria-hidden=\"true\" class=\"wp-block-spacer\"><\/div>\n\n\n\n<h3 id=\"wp-block-themeisle-blocks-advanced-heading-29da5aa9\" class=\"wp-block-themeisle-blocks-advanced-heading wp-block-themeisle-blocks-advanced-heading-29da5aa9\">3. distribuzione<\/h3>\n\n\n\n<p class=\"has-text-align-center\">Distribuzione del legante sulla superficie.<\/p>\n\n\n\n<div class=\"wp-block-group\"><div class=\"wp-block-group__inner-container is-layout-flow wp-block-group-is-layout-flow\"><div class=\"wp-block-image animated slideInLeft delay-100ms slower o-anim-offset-o-anim-offset-0px\">\n<figure class=\"aligncenter size-large is-resized\"><img loading=\"lazy\" decoding=\"async\" width=\"1024\" height=\"678\" src=\"https:\/\/blueclimateag.ch\/wp-content\/uploads\/2025\/02\/Icon-Schritt-6-1024x678.png\" alt=\"\" class=\"wp-image-688\" style=\"width:142px;height:auto\" srcset=\"https:\/\/blueclimateag.ch\/wp-content\/uploads\/2025\/02\/Icon-Schritt-6-1024x678.png 1024w, https:\/\/blueclimateag.ch\/wp-content\/uploads\/2025\/02\/Icon-Schritt-6-300x199.png 300w, https:\/\/blueclimateag.ch\/wp-content\/uploads\/2025\/02\/Icon-Schritt-6-768x509.png 768w, https:\/\/blueclimateag.ch\/wp-content\/uploads\/2025\/02\/Icon-Schritt-6-1536x1018.png 1536w, https:\/\/blueclimateag.ch\/wp-content\/uploads\/2025\/02\/Icon-Schritt-6-2048x1357.png 2048w, https:\/\/blueclimateag.ch\/wp-content\/uploads\/2025\/02\/Icon-Schritt-6-18x12.png 18w\" sizes=\"auto, (max-width: 1024px) 100vw, 1024px\" \/><\/figure>\n<\/div>\n\n\n<div style=\"height:26px\" aria-hidden=\"true\" class=\"wp-block-spacer\"><\/div>\n\n\n\n<h3 id=\"wp-block-themeisle-blocks-advanced-heading-a86d9dad\" class=\"wp-block-themeisle-blocks-advanced-heading wp-block-themeisle-blocks-advanced-heading-a86d9dad\">5. compattazione<\/h3>\n\n\n\n<p class=\"has-text-align-center\">Massima compattazione della miscela.<\/p>\n<\/div><\/div>\n\n\n\n<p class=\"has-text-align-center\"><\/p>\n\n\n\n<div id=\"wp-block-themeisle-blocks-advanced-columns-81285b7e\" class=\"wp-block-themeisle-blocks-advanced-columns has-1-columns has-desktop-equal-layout has-tablet-equal-layout has-mobile-equal-layout has-vertical-unset\"><div class=\"wp-block-themeisle-blocks-advanced-columns-overlay\"><\/div><div class=\"innerblocks-wrap\">\n<div id=\"wp-block-themeisle-blocks-advanced-column-afec281d\" class=\"wp-block-themeisle-blocks-advanced-column\">\n<div id=\"wp-block-themeisle-blocks-advanced-columns-d2f184e3\" class=\"wp-block-themeisle-blocks-advanced-columns has-1-columns has-desktop-equal-layout has-tablet-equal-layout has-mobile-equal-layout has-vertical-unset\"><div class=\"wp-block-themeisle-blocks-advanced-columns-overlay\"><\/div><div class=\"innerblocks-wrap\">\n<div id=\"wp-block-themeisle-blocks-advanced-column-29985c7a\" class=\"wp-block-themeisle-blocks-advanced-column\"><\/div>\n<\/div><\/div>\n<\/div>\n<\/div><\/div>\n<\/div><\/div>\n<\/div><\/div>\n<\/div>\n\n\n\n<div id=\"wp-block-themeisle-blocks-advanced-column-1a6a4a66\" class=\"wp-block-themeisle-blocks-advanced-column\">\n<div class=\"wp-block-group\"><div class=\"wp-block-group__inner-container is-layout-flow wp-block-group-is-layout-flow\"><div class=\"wp-block-image animated slideInLeft delay-100ms slower o-anim-offset-o-anim-offset-0px\">\n<figure class=\"aligncenter size-large is-resized\"><img loading=\"lazy\" decoding=\"async\" width=\"1024\" height=\"501\" src=\"https:\/\/blueclimateag.ch\/wp-content\/uploads\/2025\/02\/Icon-Schritt-2.1-1024x501.png\" alt=\"\" class=\"wp-image-696\" style=\"width:262px;height:auto\" srcset=\"https:\/\/blueclimateag.ch\/wp-content\/uploads\/2025\/02\/Icon-Schritt-2.1-1024x501.png 1024w, https:\/\/blueclimateag.ch\/wp-content\/uploads\/2025\/02\/Icon-Schritt-2.1-300x147.png 300w, https:\/\/blueclimateag.ch\/wp-content\/uploads\/2025\/02\/Icon-Schritt-2.1-768x376.png 768w, https:\/\/blueclimateag.ch\/wp-content\/uploads\/2025\/02\/Icon-Schritt-2.1-1536x751.png 1536w, https:\/\/blueclimateag.ch\/wp-content\/uploads\/2025\/02\/Icon-Schritt-2.1-2048x1002.png 2048w, https:\/\/blueclimateag.ch\/wp-content\/uploads\/2025\/02\/Icon-Schritt-2.1-18x9.png 18w\" sizes=\"auto, (max-width: 1024px) 100vw, 1024px\" \/><\/figure>\n<\/div>\n\n\n<div style=\"height:30px\" aria-hidden=\"true\" class=\"wp-block-spacer\"><\/div>\n\n\n\n<h3 id=\"wp-block-themeisle-blocks-advanced-heading-4ded88e0\" class=\"wp-block-themeisle-blocks-advanced-heading wp-block-themeisle-blocks-advanced-heading-4ded88e0\">2. interferire<\/h3>\n\n\n\n<p class=\"has-text-align-center\">Miscelazione dell'emulsione UNDERBOLD-POD30. Frantumazione e miscelazione del terreno con l'emulsione UNDERBOLD-POD30 e l'acqua. Profilazione preliminare.<\/p>\n\n\n\n<div class=\"wp-block-group\"><div class=\"wp-block-group__inner-container is-layout-flow wp-block-group-is-layout-flow\"><div class=\"wp-block-image animated slideInLeft delay-100ms slower o-anim-offset-o-anim-offset-0px\">\n<figure class=\"aligncenter size-large is-resized\"><img loading=\"lazy\" decoding=\"async\" width=\"1024\" height=\"549\" src=\"https:\/\/blueclimateag.ch\/wp-content\/uploads\/2025\/02\/Icon-Schritt-2-1024x549.png\" alt=\"\" class=\"wp-image-692\" style=\"width:140px;height:auto\" srcset=\"https:\/\/blueclimateag.ch\/wp-content\/uploads\/2025\/02\/Icon-Schritt-2-1024x549.png 1024w, https:\/\/blueclimateag.ch\/wp-content\/uploads\/2025\/02\/Icon-Schritt-2-300x161.png 300w, https:\/\/blueclimateag.ch\/wp-content\/uploads\/2025\/02\/Icon-Schritt-2-768x412.png 768w, https:\/\/blueclimateag.ch\/wp-content\/uploads\/2025\/02\/Icon-Schritt-2-1536x823.png 1536w, https:\/\/blueclimateag.ch\/wp-content\/uploads\/2025\/02\/Icon-Schritt-2-2048x1097.png 2048w, https:\/\/blueclimateag.ch\/wp-content\/uploads\/2025\/02\/Icon-Schritt-2-18x10.png 18w\" sizes=\"auto, (max-width: 1024px) 100vw, 1024px\" \/><\/figure>\n<\/div>\n\n\n<div style=\"height:30px\" aria-hidden=\"true\" class=\"wp-block-spacer\"><\/div>\n\n\n\n<h3 id=\"wp-block-themeisle-blocks-advanced-heading-b45a7c51\" class=\"wp-block-themeisle-blocks-advanced-heading wp-block-themeisle-blocks-advanced-heading-b45a7c51\">4. miscelazione<\/h3>\n\n\n\n<p class=\"has-text-align-center\">Miscelazione del terreno con il legante.<br><\/p>\n\n\n\n<div class=\"wp-block-group\"><div class=\"wp-block-group__inner-container is-layout-flow wp-block-group-is-layout-flow\"><div class=\"wp-block-image animated slideInLeft delay-100ms slower o-anim-offset-o-anim-offset-0px\">\n<figure class=\"aligncenter size-large is-resized\"><img loading=\"lazy\" decoding=\"async\" width=\"1024\" height=\"525\" src=\"https:\/\/blueclimateag.ch\/wp-content\/uploads\/2025\/02\/Icon-Schritt-1-1024x525.png\" alt=\"\" class=\"wp-image-673\" style=\"width:144px;height:auto\" srcset=\"https:\/\/blueclimateag.ch\/wp-content\/uploads\/2025\/02\/Icon-Schritt-1-1024x525.png 1024w, https:\/\/blueclimateag.ch\/wp-content\/uploads\/2025\/02\/Icon-Schritt-1-300x154.png 300w, https:\/\/blueclimateag.ch\/wp-content\/uploads\/2025\/02\/Icon-Schritt-1-768x394.png 768w, https:\/\/blueclimateag.ch\/wp-content\/uploads\/2025\/02\/Icon-Schritt-1-1536x788.png 1536w, https:\/\/blueclimateag.ch\/wp-content\/uploads\/2025\/02\/Icon-Schritt-1-2048x1051.png 2048w, https:\/\/blueclimateag.ch\/wp-content\/uploads\/2025\/02\/Icon-Schritt-1-18x9.png 18w\" sizes=\"auto, (max-width: 1024px) 100vw, 1024px\" \/><\/figure>\n<\/div>\n\n\n<div style=\"height:23px\" aria-hidden=\"true\" class=\"wp-block-spacer\"><\/div>\n\n\n\n<h3 id=\"wp-block-themeisle-blocks-advanced-heading-366f3def\" class=\"wp-block-themeisle-blocks-advanced-heading wp-block-themeisle-blocks-advanced-heading-366f3def\">6. profilazione finale<\/h3>\n\n\n\n<p class=\"has-text-align-center\">Profilazione finale della pendenza desiderata.<\/p>\n<\/div><\/div>\n\n\n\n<p class=\"has-text-align-center\"><\/p>\n<\/div><\/div>\n<\/div><\/div>\n<\/div>\n<\/div><\/div>\n\n\n\n<div id=\"wp-block-themeisle-blocks-advanced-columns-828ea924\" class=\"wp-block-themeisle-blocks-advanced-columns has-2-columns has-desktop-equal-layout has-tablet-equal-layout has-mobile-collapsedRows-layout has-vertical-unset\"><div class=\"wp-block-themeisle-blocks-advanced-columns-overlay\"><\/div><div class=\"innerblocks-wrap\">\n<div id=\"wp-block-themeisle-blocks-advanced-column-509f9f3d\" class=\"wp-block-themeisle-blocks-advanced-column\">\n<h3 class=\"wp-block-heading\">Propriet\u00e0 tecniche<br>_____<\/h3>\n\n\n\n<ul class=\"wp-block-list\">\n<li>Aumento della capacit\u00e0 di carico<\/li>\n\n\n\n<li>Aumentare il disegno delle strisce<\/li>\n\n\n\n<li>Aumento dell'elasticit\u00e0<\/li>\n\n\n\n<li>Riduzione del tempo di impostazione al di fuori del periodo di elaborazione<\/li>\n\n\n\n<li>Riduzione della tendenza al ritiro e quindi praticamente assenza di fessurazioni<\/li>\n\n\n\n<li>Nessun trasferimento di carico dalle reazioni di impostazione negli strati sovrapposti<\/li>\n\n\n\n<li>Non \u00e8 necessario eseguire intagli o smontaggio<\/li>\n\n\n\n<li>Aumento della stabilit\u00e0 dimensionale della sezione trasversale<\/li>\n\n\n\n<li>Regolazione idrofobica e riduzione della profondit\u00e0 di penetrazione dell'acqua<\/li>\n\n\n\n<li>Riduzione dei micropori e dell'azione capillare<\/li>\n\n\n\n<li>Protezione completa dal gelo<\/li>\n\n\n\n<li>Uso adattabile in base alle condizioni del terreno e al contenuto d'acqua<\/li>\n\n\n\n<li>Pu\u00f2 essere combinato e ampliato con misure per migliorare e rafforzare il substrato dell'edificio.<\/li>\n\n\n\n<li>Evitare completamente lo scarico di sostanze inquinanti dai terreni trattati e dagli strati contaminati della sovrastruttura.<\/li>\n\n\n\n<li>Rende agglomerabile qualsiasi materiale del terreno<\/li>\n<\/ul>\n<\/div>\n\n\n\n<div id=\"wp-block-themeisle-blocks-advanced-column-c084a997\" class=\"wp-block-themeisle-blocks-advanced-column\">\n<h3 class=\"wp-block-heading\">Propriet\u00e0 economiche<br>_____<\/h3>\n\n\n\n<ul class=\"wp-block-list\">\n<li>Significativo risparmio di tempo grazie alla riduzione dei tempi di costruzione del prodotto complessivo<\/li>\n\n\n\n<li>Riduzione degli strati della sovrastruttura vincolata a spessori che riflettono il carico in funzione del volume di traffico.<\/li>\n\n\n\n<li>Riduzione del fabbisogno di cemento in base ai requisiti di capacit\u00e0 portante<\/li>\n\n\n\n<li>Durata di conservazione prolungata<\/li>\n\n\n\n<li>Riduzione dei costi di manutenzione<\/li>\n\n\n\n<li>Ridurre o evitare i movimenti del terreno al di fuori degli aggiustamenti di pendenza.<\/li>\n\n\n\n<li>Annullamento delle tariffe di discarica e smaltimento al di fuori delle rettifiche di pendenza<\/li>\n\n\n\n<li>Ridurre l'influenza sul flusso del traffico<\/li>\n<\/ul>\n<\/div>\n<\/div><\/div>","protected":false},"excerpt":{"rendered":"<p>Che cos'\u00e8 Underbold? Underbold-POD30 \u00e8 un prodotto innovativo per la stabilizzazione delle terre, sviluppato appositamente per la costruzione di strade e altre applicazioni infrastrutturali. Si tratta di un materiale ecologico le cui propriet\u00e0 uniche consentono di stabilizzare efficacemente i terreni, soprattutto in condizioni di terreno difficili o instabili. Utilizzando Underbold-POD30, i progetti di costruzione beneficiano di una soluzione ecologica che...&nbsp;<a href=\"https:\/\/blueclimateag.ch\/it\/underbold\/\" rel=\"bookmark\">Continua a leggere \u00bb<span class=\"screen-reader-text\">Underbold<\/span><\/a><\/p>","protected":false},"author":2,"featured_media":0,"parent":0,"menu_order":0,"comment_status":"closed","ping_status":"closed","template":"","meta":{"neve_meta_sidebar":"full-width","neve_meta_container":"contained","neve_meta_enable_content_width":"on","neve_meta_content_width":100,"neve_meta_title_alignment":"","neve_meta_author_avatar":"","neve_post_elements_order":"","neve_meta_disable_header":"","neve_meta_disable_footer":"","neve_meta_disable_title":"on","neve_meta_reading_time":"","_themeisle_gutenberg_block_has_review":false,"footnotes":""},"class_list":["post-408","page","type-page","status-publish","hentry"],"_links":{"self":[{"href":"https:\/\/blueclimateag.ch\/it\/wp-json\/wp\/v2\/pages\/408","targetHints":{"allow":["GET"]}}],"collection":[{"href":"https:\/\/blueclimateag.ch\/it\/wp-json\/wp\/v2\/pages"}],"about":[{"href":"https:\/\/blueclimateag.ch\/it\/wp-json\/wp\/v2\/types\/page"}],"author":[{"embeddable":true,"href":"https:\/\/blueclimateag.ch\/it\/wp-json\/wp\/v2\/users\/2"}],"replies":[{"embeddable":true,"href":"https:\/\/blueclimateag.ch\/it\/wp-json\/wp\/v2\/comments?post=408"}],"version-history":[{"count":39,"href":"https:\/\/blueclimateag.ch\/it\/wp-json\/wp\/v2\/pages\/408\/revisions"}],"predecessor-version":[{"id":861,"href":"https:\/\/blueclimateag.ch\/it\/wp-json\/wp\/v2\/pages\/408\/revisions\/861"}],"wp:attachment":[{"href":"https:\/\/blueclimateag.ch\/it\/wp-json\/wp\/v2\/media?parent=408"}],"curies":[{"name":"wp","href":"https:\/\/api.w.org\/{rel}","templated":true}]}}